{"id":163,"date":"2023-06-21T10:11:53","date_gmt":"2023-06-21T07:11:53","guid":{"rendered":"https:\/\/digelius.qb.web-veistamo.fi\/meisa\/"},"modified":"2024-06-12T10:01:23","modified_gmt":"2024-06-12T07:01:23","slug":"meisa","status":"publish","type":"page","link":"https:\/\/digelius.com\/fi\/meisa\/","title":{"rendered":"Tietoa meist\u00e4"},"content":{"rendered":"\n<p>Digelius Music on legendaarinen, vuonna 1971 perustettu levykauppa Helsingiss\u00e4. Vuodesta 2023 alkaen kauppaa on hallinnoinut We Jazz. T\u00e4ll\u00e4 hetkell\u00e4 Digelius Music toimii verkossa ja pop up -tapahtumissa. Netist\u00e4 tilaamasi levyt voit halutessasi noutaa We Jazzin toimistolta Eurantie 8-10 LH 211, 00550 Helsinki &#8221;toimistoaikoihin&#8221; arkisin klo 10-16. Saat meihin yhteyden parhaiten s\u00e4hk\u00f6postitse shop(at)digelius.com tai puhelimitse 050 553 6863.<\/p>\n","protected":false},"excerpt":{"rendered":"Digelius Music on legendaarinen, vuonna 1971 perustettu levykauppa Helsingiss\u00e4. Vuodesta 2023 alkaen kauppaa on hallinnoinut We Jazz. T\u00e4ll\u00e4 hetkell\u00e4 Digelius Music toimii verkossa ja pop up -tapahtumissa. Netist\u00e4 tilaamasi levyt voit halutessasi noutaa We Jazzin toimistolta Eurantie 8-10 LH 211, 00550 Helsinki &#8221;toimistoaikoihin&#8221; arkisin klo 10-16. Saat meihin yhteyden parhaiten s\u00e4hk\u00f6postitse shop(at)digelius.com tai puhelimitse 050&#8230; <a class=\"view-article\" href=\"https:\/\/digelius.com\/fi\/meisa\/\">N\u00e4yt\u00e4 artikkeli<\/a>","protected":false},"author":1,"featured_media":0,"parent":0,"menu_order":0,"comment_status":"closed","ping_status":"closed","template":"","meta":{"_acf_changed":false,"footnotes":""},"class_list":["post-163","page","type-page","status-publish","hentry"],"acf":[],"mb":[],"mfb_rest_fields":["title"],"_links":{"self":[{"href":"https:\/\/digelius.com\/fi\/wp-json\/wp\/v2\/pages\/163","targetHints":{"allow":["GET"]}}],"collection":[{"href":"https:\/\/digelius.com\/fi\/wp-json\/wp\/v2\/pages"}],"about":[{"href":"https:\/\/digelius.com\/fi\/wp-json\/wp\/v2\/types\/page"}],"author":[{"embeddable":true,"href":"https:\/\/digelius.com\/fi\/wp-json\/wp\/v2\/users\/1"}],"replies":[{"embeddable":true,"href":"https:\/\/digelius.com\/fi\/wp-json\/wp\/v2\/comments?post=163"}],"version-history":[{"count":0,"href":"https:\/\/digelius.com\/fi\/wp-json\/wp\/v2\/pages\/163\/revisions"}],"wp:attachment":[{"href":"https:\/\/digelius.com\/fi\/wp-json\/wp\/v2\/media?parent=163"}],"curies":[{"name":"wp","href":"https:\/\/api.w.org\/{rel}","templated":true}]}}