{"id":175,"date":"2023-06-20T04:46:01","date_gmt":"2023-06-20T01:46:01","guid":{"rendered":"https:\/\/digelius.qb.web-veistamo.fi\/?page_id=175"},"modified":"2023-12-19T15:04:19","modified_gmt":"2023-12-19T13:04:19","slug":"palautus-ja-vaihto","status":"publish","type":"page","link":"https:\/\/digelius.com\/fi\/palautus-ja-vaihto\/","title":{"rendered":"Toimitus- ja maksuehdot"},"content":{"rendered":"\n<p class=\"has-lead-font-size\">Toimitusehdot<\/p>\n\n\n\n<p>Tilaukset pyrit\u00e4\u00e4n k\u00e4sittelem\u00e4\u00e4n viimeist\u00e4\u00e4n seuraavana arkip\u00e4iv\u00e4n\u00e4 tilauksen ajankohdasta. Toimitus Suomen sis\u00e4ll\u00e4 tapahtuu 1-3 arkip\u00e4iv\u00e4ss\u00e4 tilauksen k\u00e4sittelemisest\u00e4. Tilaukset l\u00e4hetet\u00e4\u00e4n aina yhten\u00e4 l\u00e4hetyksen\u00e4, eli mik\u00e4li tilaukseen kuuluu ennakkotilaustuotteita, tai sellaisia tuotteita, joita ei ole tilaushetkell\u00e4 varastossa, tilaus l\u00e4hetet\u00e4\u00e4n vasta kun kaikki tilauksella olevat tuotteet ovat saatavilla.<\/p>\n\n\n\n<p>Saat vahvistuksen s\u00e4hk\u00f6postiisi kun tilaus on k\u00e4sitelty. Mik\u00e4li olet alle 18-vuotias, pyyd\u00e4 lupa holhoojaltasi ennen tilaamista. <\/p>\n\n\n\n<p class=\"has-lead-font-size\">Toimitustavat<\/p>\n\n\n\n<p>Matkahuolto<br>Matkahuollon L\u00e4hell\u00e4-paketti kuljetetaan vastaanottajan osoitetta l\u00e4himp\u00e4\u00e4n tai tilaajan valitsemaan noutopisteeseen arviolta 1\u20133 arkivuorokauden kuluessa l\u00e4hett\u00e4misest\u00e4.<\/p>\n\n\n\n<p>Posti<br>Tilaus toimitetaan postipakettina pakettiautomaattiin tai Postin noutopisteeseen, riippuen tilaajan valinnasta. <\/p>\n\n\n\n<p>DHL<br>DHL toimittaa paketin kotiinkuljetuksena 1-3 arkip\u00e4iv\u00e4ss\u00e4. Tilaajan on mahdollista valita itselleen sopiva toimitusaika.<\/p>\n\n\n\n<p>Nouto myym\u00e4l\u00e4st\u00e4<br>Myym\u00e4l\u00e4st\u00e4 noudettavat tilaukset ovat noudettavissa heti kun tilaus on k\u00e4sitelty. Huomioi Digelius Musicin aukioloajat noutaessasi tilaustasi.  <\/p>\n\n\n\n<p>Digelius Music<br>H\u00e4meentie 48 <br>00500 Helsinki<\/p>\n\n\n\n<p>Avoinna:<br>Ma-pe klo 13-19<br>La klo 12-16<br>Su suljettu<\/p>\n\n\n\n<p>Kaikkien kuljetustapojen hinta Suomen sis\u00e4ll\u00e4 on 8,90 \u20ac. Ulkomaille l\u00e4hetett\u00e4v\u00e4t tilaukset l\u00e4hetet\u00e4\u00e4n DHL:ll\u00e4 ja hinta riippuu tilausmaasta.<\/p>\n\n\n\n<p class=\"has-lead-font-size\">Palautukset<\/p>\n\n\n\n<p>Kaikilla verkkokaupasta ostetuilla tuotteilla on 14 vuorokauden vaihto- ja palautusoikeus. Palautettavan tuotteen tulee olla k\u00e4ytt\u00e4m\u00e4t\u00f6n tai siin\u00e4 kunnossa, miss\u00e4 se on vastaanotettu. Palautuksen voi tehd\u00e4 joko postitse tai tuomalla tuotteen myym\u00e4l\u00e4\u00e4n. Asiakas vastaa palautuksesta aiheutuneista kustannuksista. Palautustapauksissa maksunpalautus tehd\u00e4\u00e4n tilaksessa k\u00e4ytetylle maksutavalle. Mik\u00e4li haluat palauttaa tai vaihtaa tuotteen, olethan ensin yhteydess\u00e4 meihin s\u00e4hk\u00f6postitse.<\/p>\n\n\n\n<p class=\"has-lead-font-size\">Maksuehdot<\/p>\n\n\n\n<p class=\"has-normal-font-size\">Maksupalvelutarjoaja<\/p>\n\n\n\n<p>Maksunv\u00e4lityspalvelun toteuttajana ja maksupalveluntarjoajana toimii Paytrail Oyj (2122839-7) yhteisty\u00f6ss\u00e4 suomalaisten pankkien ja luottolaitosten kanssa. Paytrail Oyj n\u00e4kyy maksun saajana tiliotteella tai korttilaskulla ja v\u00e4litt\u00e4\u00e4 maksun kauppiaalle. Paytrail Oyj:ll\u00e4 on maksulaitoksen toimilupa. Reklamaatiotapauksissa pyyd\u00e4mme ottamaan ensisijaisesti yhteytt\u00e4 tuotteen toimittajaan.<\/p>\n\n\n\n<p>Paytrail Oyj, y-tunnus: 2122839-7<br>Innova 2<br>Lutakonaukio 7<br>40100 Jyv\u00e4skyl\u00e4<br><a href=\"http:\/\/paytrail.com\/kuluttaja\/tietoa-maksamisesta\">paytrail.com\/kuluttaja\/tietoa-maksamisesta<\/a><\/p>\n\n\n\n<p>Verkkokaupassa on my\u00f6s mahdollista maksaa Paypalilla. Katso Paypalin maksuehdot <a href=\"https:\/\/www.paypal.com\/fi\/webapps\/mpp\/ua\/legalhub-full\" data-type=\"link\" data-id=\"https:\/\/www.paypal.com\/fi\/webapps\/mpp\/ua\/legalhub-full\">t\u00e4\u00e4lt\u00e4<\/a>.<\/p>\n","protected":false},"excerpt":{"rendered":"Toimitusehdot Tilaukset pyrit\u00e4\u00e4n k\u00e4sittelem\u00e4\u00e4n viimeist\u00e4\u00e4n seuraavana arkip\u00e4iv\u00e4n\u00e4 tilauksen ajankohdasta. Toimitus Suomen sis\u00e4ll\u00e4 tapahtuu 1-3 arkip\u00e4iv\u00e4ss\u00e4 tilauksen k\u00e4sittelemisest\u00e4. Tilaukset l\u00e4hetet\u00e4\u00e4n aina yhten\u00e4 l\u00e4hetyksen\u00e4, eli mik\u00e4li tilaukseen kuuluu ennakkotilaustuotteita, tai sellaisia tuotteita, joita ei ole tilaushetkell\u00e4 varastossa, tilaus l\u00e4hetet\u00e4\u00e4n vasta kun kaikki tilauksella olevat tuotteet ovat saatavilla. Saat vahvistuksen s\u00e4hk\u00f6postiisi kun tilaus on k\u00e4sitelty. Mik\u00e4li olet alle&#8230; <a class=\"view-article\" href=\"https:\/\/digelius.com\/fi\/palautus-ja-vaihto\/\">N\u00e4yt\u00e4 artikkeli<\/a>","protected":false},"author":1,"featured_media":0,"parent":0,"menu_order":0,"comment_status":"closed","ping_status":"closed","template":"","meta":{"_acf_changed":false,"footnotes":""},"class_list":["post-175","page","type-page","status-publish","hentry"],"acf":[],"mb":[],"mfb_rest_fields":["title"],"_links":{"self":[{"href":"https:\/\/digelius.com\/fi\/wp-json\/wp\/v2\/pages\/175","targetHints":{"allow":["GET"]}}],"collection":[{"href":"https:\/\/digelius.com\/fi\/wp-json\/wp\/v2\/pages"}],"about":[{"href":"https:\/\/digelius.com\/fi\/wp-json\/wp\/v2\/types\/page"}],"author":[{"embeddable":true,"href":"https:\/\/digelius.com\/fi\/wp-json\/wp\/v2\/users\/1"}],"replies":[{"embeddable":true,"href":"https:\/\/digelius.com\/fi\/wp-json\/wp\/v2\/comments?post=175"}],"version-history":[{"count":0,"href":"https:\/\/digelius.com\/fi\/wp-json\/wp\/v2\/pages\/175\/revisions"}],"wp:attachment":[{"href":"https:\/\/digelius.com\/fi\/wp-json\/wp\/v2\/media?parent=175"}],"curies":[{"name":"wp","href":"https:\/\/api.w.org\/{rel}","templated":true}]}}