{"id":181,"date":"2023-06-01T12:36:32","date_gmt":"2023-06-01T09:36:32","guid":{"rendered":"https:\/\/digelius.qb.web-veistamo.fi\/privacy-policy\/"},"modified":"2023-12-19T15:04:19","modified_gmt":"2023-12-19T13:04:19","slug":"tietosuojaselosteet","status":"publish","type":"page","link":"https:\/\/digelius.com\/fi\/tietosuojaselosteet\/","title":{"rendered":"Tietosuojaseloste"},"content":{"rendered":"\n<h2 class=\"wp-block-heading\">Rekisterinpit\u00e4j\u00e4 ja yhteyshenkil\u00f6<\/h2>\n\n\n\n<p>Digelius Music c\/o<br>We Jazz Oy<br>Eurantie 8\u201310 LH 211<br>00550 Helsinki<\/p>\n\n\n\n<p>Y-tunnus: 2383558-8<\/p>\n\n\n\n<p><strong>Yhteyshenkil\u00f6<\/strong><\/p>\n\n\n\n<p>Ami Vuorinen, ami@wejazz.fi<\/p>\n\n\n\n<h2 class=\"wp-block-heading\">Rekisterin nimi<\/h2>\n\n\n\n<p>Digelius Musicin asiakas-, markkinointi- ja k\u00e4ytt\u00e4j\u00e4rekisteri.<\/p>\n\n\n\n<h2 class=\"wp-block-heading\">Henkil\u00f6tietojen k\u00e4sittelyn tarkoitus<\/h2>\n\n\n\n<p>Rekisteri\u00e4 k\u00e4ytet\u00e4\u00e4n asiakassuhteen hoitamiseen, kommunikointiin ja tiedottamiseen. Edell\u00e4 mainittujen lis\u00e4ksi rekisteri\u00e4 saatetaan k\u00e4ytt\u00e4\u00e4 markkinointiin, kohdennettuun markkinointiin tai uutiskirjeen l\u00e4hetykseen. Voit milloin tahansa tarkistaa, muuttaa tai pyyt\u00e4\u00e4 poistamaan tietosi asiakasrekisterist\u00e4mme. Voit my\u00f6s kielt\u00e4\u00e4 markkinointiviestinn\u00e4n.<\/p>\n\n\n\n<p>Rekister\u00f6ityjen henkil\u00f6tietojen k\u00e4sittelyn oikeusperusteena on yrityksen ja rekister\u00f6idyn v\u00e4linen sopimussuhde, joka perustuu yhti\u00f6n tarjoaman tuotteen tai palvelun tilaamiseen tai tuottamiseen. Henkil\u00f6tietojen k\u00e4sittely perustuu my\u00f6s lakis\u00e4\u00e4teisiin velvoitteisiin, kuten kirjanpitovelvoitteisiin. K\u00e4sittely asiakassuhteen hoitoon ja markkinointiin perustuu yhti\u00f6n oikeutettuun etuun.<\/p>\n\n\n\n<h2 class=\"wp-block-heading\">Rekisterin tietosis\u00e4lt\u00f6<\/h2>\n\n\n\n<p>Yritys ker\u00e4\u00e4 rekister\u00f6idyist\u00e4 vain sellaisia henkil\u00f6tietoja, jotka ovat olennaisia ja tarpeellisia t\u00e4ss\u00e4 tietosuojaselosteessa kuvattujen k\u00e4ytt\u00f6tarkoitusten kannalta.<\/p>\n\n\n\n<p>Rekister\u00f6idyist\u00e4 k\u00e4sitell\u00e4\u00e4n seuraavia tietoja:<\/p>\n\n\n\n<ul class=\"wp-block-list\">\n<li>Henkil\u00f6n etu- ja sukunimi<\/li>\n\n\n\n<li>Yritys<\/li>\n\n\n\n<li>Puhelinnumero<\/li>\n\n\n\n<li>S\u00e4hk\u00f6postiosoite<\/li>\n\n\n\n<li>Postiosoite<\/li>\n\n\n\n<li>Tiedot aikaisemmista tilauksista<\/li>\n\n\n\n<li>Laskutukseen liittyv\u00e4t asiat<\/li>\n\n\n\n<li>Markkinointikiellot<\/li>\n<\/ul>\n\n\n\n<h2 class=\"wp-block-heading\">S\u00e4\u00e4nn\u00f6nmukaiset tietol\u00e4hteet<\/h2>\n\n\n\n<p>Rekisterin ensisijaisia tietol\u00e4hteit\u00e4 ovat: K\u00e4ytt\u00e4j\u00e4n itsens\u00e4 rekister\u00f6im\u00e4t tiedot sek\u00e4 rekister\u00f6idyn k\u00e4ytt\u00e4j\u00e4n asiakkuuteen, palveluiden k\u00e4ytt\u00f6\u00f6n, viestint\u00e4\u00e4n sek\u00e4 asiointiin liittyv\u00e4t tapahtumat.<\/p>\n\n\n\n<p>Rekisteriin tallennettavat tiedot saadaan asiakkaalta mm. www-lomakkeilla l\u00e4hetetyist\u00e4 viesteist\u00e4, s\u00e4hk\u00f6postitse, puhelimitse, sosiaalisen median palvelujen kautta, tilauksista, asiakastapaamisista ja muista tilanteista, joissa asiakas luovuttaa tietojaan.<\/p>\n\n\n\n<p>Yritysten ja muiden organisaatioiden yhteyshenkil\u00f6iden tietoja voidaan ker\u00e4t\u00e4 my\u00f6s julkisista l\u00e4hteist\u00e4 kuten verkkosivuilta, hakemistopalveluista ja muilta yrityksilt\u00e4.<\/p>\n\n\n\n<p>Kuka muu \/ mitk\u00e4 j\u00e4rjestelm\u00e4t k\u00e4sittelev\u00e4t tietoja We Jazz Oy:n lukuun:<\/p>\n\n\n\n<ul class=\"wp-block-list\">\n<li>Google<\/li>\n\n\n\n<li>Slack<\/li>\n\n\n\n<li>MailChimp<\/li>\n<\/ul>\n\n\n\n<p>Yritys saattaa k\u00e4ytt\u00e4\u00e4 markkinoinnissa ulkopuolisia palveluntarjoajia, jotka k\u00e4sittelev\u00e4t rekister\u00f6ityjen yhteystietoja markkinointiin.<\/p>\n\n\n\n<h2 class=\"wp-block-heading\">S\u00e4\u00e4nn\u00f6nmukaiset tietojen luovutukset<\/h2>\n\n\n\n<p>Henkil\u00f6tietoja voidaan k\u00e4ytt\u00e4\u00e4 We Jazz Oy:n tai sen yhteisty\u00f6kumppaneiden toimesta rekisterin k\u00e4ytt\u00f6tarkoituksen m\u00e4\u00e4ritt\u00e4miin toimenpiteisiin. \u200b\u200bHenkil\u00f6tietoja voidaan valikoidusti luovuttaa rekisterinpit\u00e4j\u00e4n toimeksiantaman telemarkkinointiyrityksen kohdennettuun markkinointikampanjaan. Tietojen omistajuus ei siirry rekisterinpit\u00e4j\u00e4lt\u00e4 ulkopuolisille eik\u00e4 ulkopuolisilla ole oikeutta toimeksiantoa laajempaan k\u00e4ytt\u00f6\u00f6n.<\/p>\n\n\n\n<h2 class=\"wp-block-heading\">Tietojen siirto EU:n tai Euroopan talousalueen ulkopuolelle<\/h2>\n\n\n\n<p>Henkil\u00f6tietoja ei siirret\u00e4 EU:n tai Euroopan talousalueen ulkopuolelle.<\/p>\n\n\n\n<h2 class=\"wp-block-heading\">Henkil\u00f6tietojen s\u00e4ilytysaika tai s\u00e4ilytyskriteerit<\/h2>\n\n\n\n<p>S\u00e4ilyt\u00e4mme tietoja vain niin kauan, kuin se on tarpeen t\u00e4ss\u00e4 tietosuojaselosteessa m\u00e4\u00e4riteltyjen tarkoitusten toteuttamiseksi, ellei laki edellyt\u00e4 tai salli pidemp\u00e4\u00e4 s\u00e4ilytysaikaa.<\/p>\n\n\n\n<h2 class=\"wp-block-heading\">Tietojen suojaus<\/h2>\n\n\n\n<p>Rekisterin k\u00e4sittelyss\u00e4 noudatetaan huolellisuutta ja tietoj\u00e4rjestelmien avulla k\u00e4sitelt\u00e4v\u00e4t tiedot suojataan asianmukaisesti. Kun rekisteritietoja s\u00e4ilytet\u00e4\u00e4n palvelimilla, niiden fyysisest\u00e4 ja digitaalisesta tietoturvasta huolehditaan asiaankuuluvasti. Rekisterinpit\u00e4j\u00e4 huolehtii siit\u00e4, ett\u00e4 tallennettuja tietoja sek\u00e4 palvelimien k\u00e4ytt\u00f6oikeuksia ja muita henkil\u00f6tietojen turvallisuuden kannalta kriittisi\u00e4 tietoja k\u00e4sitell\u00e4\u00e4n luottamuksellisesti ja vain niiden ty\u00f6ntekij\u00f6iden toimesta, joiden ty\u00f6nkuvaan se kuuluu.<\/p>\n\n\n\n<p>Palvelussamme tarjoamme mahdollisuutta maksaa tilaus luottokortilla. Emme s\u00e4ilyt\u00e4 luottokorttitietoja itse vaan n\u00e4iden tietojen s\u00e4ilytt\u00e4misest\u00e4 vastaa kolmas osapuoli, maksunv\u00e4lityspalvelu.<\/p>\n\n\n\n<h2 class=\"wp-block-heading\">Rekister\u00f6idyn oikeudet<\/h2>\n\n\n\n<p>Rekister\u00f6idyill\u00e4 on tietosuojalains\u00e4\u00e4d\u00e4nn\u00f6n takaamat oikeudet.<\/p>\n\n\n\n<p>Rekister\u00f6idyll\u00e4 on oikeus tarkastaa rekisteriin tallennetut henkil\u00f6tietonsa. Tarkastuspyynt\u00f6 tulee l\u00e4hett\u00e4\u00e4 kirjallisesti edell\u00e4 mainitulle rekisterin yhteyshenkil\u00f6lle. Tarkastuspyynt\u00f6 voidaan esitt\u00e4\u00e4 my\u00f6s rekisterinpit\u00e4j\u00e4n luona edell\u00e4 mainitussa osoitteessa.<\/p>\n\n\n\n<p>Rekister\u00f6idyll\u00e4 on oikeus pyyt\u00e4\u00e4 h\u00e4nt\u00e4 koskevien virheellisten tietojen oikaisua.<\/p>\n\n\n\n<p>Rekister\u00f6idyll\u00e4 on my\u00f6s tietyiss\u00e4 tilanteissa oikeus poistaa h\u00e4nt\u00e4 koskevat henkil\u00f6tiedot rekisterist\u00e4 sek\u00e4 pyyt\u00e4\u00e4 niiden siirt\u00e4mist\u00e4 toiselle rekisterinpit\u00e4j\u00e4lle.<\/p>\n\n\n\n<p>Rekister\u00f6idyll\u00e4 on oikeus kielt\u00e4\u00e4 tietojen k\u00e4ytt\u00e4minen suoramainontaan, et\u00e4myyntiin tai muuhun suoramarkkinointiin sek\u00e4 mielipide- ja markkinatutkimukseen.<\/p>\n\n\n\n<p>Rekister\u00f6idyll\u00e4 on oikeus tehd\u00e4 valitus tietosuojaviranomaiselle, mik\u00e4li rekister\u00f6ity katsoo, ett\u00e4 h\u00e4nen henkil\u00f6tietojaan on k\u00e4sitelty voimassa olevan lains\u00e4\u00e4s\u00e4\u00e4d\u00e4nn\u00f6n vastaisesti.<\/p>\n\n\n\n<h2 class=\"wp-block-heading\">Muutokset tietosuojaselosteeseen<\/h2>\n\n\n\n<p>Yritys kehitt\u00e4\u00e4 jatkuvasti palveluitaan ja voi sen johdosta joutua muuttamaan ja p\u00e4ivitt\u00e4m\u00e4\u00e4n t\u00e4t\u00e4 tietosuojaselostetta. Muutokset voivat perustua my\u00f6s lains\u00e4\u00e4d\u00e4nn\u00f6n muuttumiseen. Suosittelemme tutustumaan tietosuojaselosteen sis\u00e4lt\u00f6\u00f6n s\u00e4\u00e4nn\u00f6llisesti.<\/p>\n\n\n\n<p>Tietosuojaseloste on p\u00e4ivitetty 17.11.2023<\/p>\n","protected":false},"excerpt":{"rendered":"Rekisterinpit\u00e4j\u00e4 ja yhteyshenkil\u00f6 Digelius Music c\/oWe Jazz OyEurantie 8\u201310 LH 21100550 Helsinki Y-tunnus: 2383558-8 Yhteyshenkil\u00f6 Ami Vuorinen, ami@wejazz.fi Rekisterin nimi Digelius Musicin asiakas-, markkinointi- ja k\u00e4ytt\u00e4j\u00e4rekisteri. Henkil\u00f6tietojen k\u00e4sittelyn tarkoitus Rekisteri\u00e4 k\u00e4ytet\u00e4\u00e4n asiakassuhteen hoitamiseen, kommunikointiin ja tiedottamiseen. Edell\u00e4 mainittujen lis\u00e4ksi rekisteri\u00e4 saatetaan k\u00e4ytt\u00e4\u00e4 markkinointiin, kohdennettuun markkinointiin tai uutiskirjeen l\u00e4hetykseen. Voit milloin tahansa tarkistaa, muuttaa tai pyyt\u00e4\u00e4&#8230; <a class=\"view-article\" href=\"https:\/\/digelius.com\/fi\/tietosuojaselosteet\/\">N\u00e4yt\u00e4 artikkeli<\/a>","protected":false},"author":1,"featured_media":0,"parent":0,"menu_order":0,"comment_status":"closed","ping_status":"closed","template":"","meta":{"_acf_changed":false,"footnotes":""},"class_list":["post-181","page","type-page","status-publish","hentry"],"acf":[],"mb":[],"mfb_rest_fields":["title"],"_links":{"self":[{"href":"https:\/\/digelius.com\/fi\/wp-json\/wp\/v2\/pages\/181","targetHints":{"allow":["GET"]}}],"collection":[{"href":"https:\/\/digelius.com\/fi\/wp-json\/wp\/v2\/pages"}],"about":[{"href":"https:\/\/digelius.com\/fi\/wp-json\/wp\/v2\/types\/page"}],"author":[{"embeddable":true,"href":"https:\/\/digelius.com\/fi\/wp-json\/wp\/v2\/users\/1"}],"replies":[{"embeddable":true,"href":"https:\/\/digelius.com\/fi\/wp-json\/wp\/v2\/comments?post=181"}],"version-history":[{"count":0,"href":"https:\/\/digelius.com\/fi\/wp-json\/wp\/v2\/pages\/181\/revisions"}],"wp:attachment":[{"href":"https:\/\/digelius.com\/fi\/wp-json\/wp\/v2\/media?parent=181"}],"curies":[{"name":"wp","href":"https:\/\/api.w.org\/{rel}","templated":true}]}}