{"id":1040745,"date":"2024-10-28T15:16:57","date_gmt":"2024-10-28T13:16:57","guid":{"rendered":"https:\/\/digelius.com\/product\/kyn-kauppakorkeakoulun-ylioppilaskunnan-naislaulajat-outo-kantele\/"},"modified":"2026-01-30T14:30:54","modified_gmt":"2026-01-30T12:30:54","slug":"kyn-kauppakorkeakoulun-ylioppilaskunnan-naislaulajat-outo-kantele","status":"publish","type":"product","link":"https:\/\/digelius.com\/fi\/product\/kyn-kauppakorkeakoulun-ylioppilaskunnan-naislaulajat-outo-kantele\/","title":{"rendered":"KYN Kauppakorkeakoulun Ylioppilaskunnan Naislaulajat: Outo Kantele"},"content":{"rendered":"<\/p>\n<p>&#8221;Min\u00e4 loitsun el\u00e4m\u00e4lle, uudelle aamulle.<br \/>\n Min\u00e4 loitsun laululle, joka y\u00f6n yli kiirii.<br \/>\n Min\u00e4 loitsun ikuiselle rakkaudelle.<br \/>\n Meille kaikille min\u00e4 loitsun.&#8221; <\/p>\n<p>&#8221;I enchant for life, to a new morn.<br \/>\n I enchant for the song that travels through the night.<br \/>\n I enchant for eternal love.<br \/>\n For us all I enchant.&#8221; <\/p>\n<p>TWO STORIES, SHARED ROOTS <\/p>\n<p>The collaboration between Jukka Linkola and Female Choir KYN began already in the beginning ofthe 1990s. Linkola&#8217;s music has been an integral part of the choir&#8217;s repertoire ever since. <\/p>\n<p>In 2010, KYN commissioned music from Linkola bringing about Outo kantele (Strange Kantele), suite composed for female choir and jazz ensemble based on texts from the collection off Folk poetry the Kanteletar. Five movements of the suite were recorded for the album Virtaan in 2011. Now the seven movement suite is heard in its entirety with a new orchestration: choir, accordion and<br \/>\npiano. The suite is characterized by the varied rhythmic patterns and rich harmony of ethnic jazz.<br \/>\nOuto kantelc looks through the past to the future as old texts are transformed into fresh music. <\/p>\n<p>Loitsut (Incantations) is a nine movement a cappella suite for female choir. The music and texts invite us to marvel and rejoice at the little everyday occurences, the surrounding nature and the people close to us. The vibraphone solos composed by Jukka Linkola and the improvisation by Panu Savolainen bring a spirit of enchantment to the piece. <\/p>\n<p>Outo kantele and Loitsut are two female choir suites that differ in style but Share an intense atmosphere. Both challenge the Choir to a newkind of expression and use of voice. I hope that the listener can experience the same feeling of joy and empowerment as we did while making this album. <\/p>\n<p>Kaija Viitasalo<\/p>\n","protected":false},"excerpt":{"rendered":"<p>Media Condition: Mint (M)<\/p>\n<p>Sleeve Condition: Mint (M)<\/p>\n<p>Label: Alba Records<\/p>\n<p>Released: 2018<\/p>\n","protected":false},"featured_media":3151222,"template":"","meta":{"_acf_changed":false},"product_brand":[],"product_cat":[23],"product_tag":[],"class_list":{"0":"post-1040745","1":"product","2":"type-product","3":"status-publish","4":"has-post-thumbnail","6":"product_cat-classical","8":"first","9":"instock","10":"taxable","11":"shipping-taxable","12":"purchasable","13":"product-type-simple"},"acf":[],"mb":[],"mfb_rest_fields":["title"],"_links":{"self":[{"href":"https:\/\/digelius.com\/fi\/wp-json\/wp\/v2\/product\/1040745","targetHints":{"allow":["GET"]}}],"collection":[{"href":"https:\/\/digelius.com\/fi\/wp-json\/wp\/v2\/product"}],"about":[{"href":"https:\/\/digelius.com\/fi\/wp-json\/wp\/v2\/types\/product"}],"wp:featuredmedia":[{"embeddable":true,"href":"https:\/\/digelius.com\/fi\/wp-json\/wp\/v2\/media\/3151222"}],"wp:attachment":[{"href":"https:\/\/digelius.com\/fi\/wp-json\/wp\/v2\/media?parent=1040745"}],"wp:term":[{"taxonomy":"product_brand","embeddable":true,"href":"https:\/\/digelius.com\/fi\/wp-json\/wp\/v2\/product_brand?post=1040745"},{"taxonomy":"product_cat","embeddable":true,"href":"https:\/\/digelius.com\/fi\/wp-json\/wp\/v2\/product_cat?post=1040745"},{"taxonomy":"product_tag","embeddable":true,"href":"https:\/\/digelius.com\/fi\/wp-json\/wp\/v2\/product_tag?post=1040745"}],"curies":[{"name":"wp","href":"https:\/\/api.w.org\/{rel}","templated":true}]}}