{"id":11169,"date":"2023-12-19T19:22:29","date_gmt":"2023-12-19T17:22:29","guid":{"rendered":"https:\/\/digelius.qb.web-veistamo.fi\/product\/krikor-kouchian-six-demi-onze-bande-originale-du-film\/"},"modified":"2025-08-18T14:49:16","modified_gmt":"2025-08-18T11:49:16","slug":"krikor-kouchian-six-demi-onze-bande-originale-du-film","status":"publish","type":"product","link":"https:\/\/digelius.com\/fi\/product\/krikor-kouchian-six-demi-onze-bande-originale-du-film\/","title":{"rendered":"Krikor Kouchian: Six &amp; Demi Onze (Bande Originale Du Film)"},"content":{"rendered":"<p>New copy. Pickup possible at our Helsinki store (by selecting the &quot;local pickup&quot; option).<\/p>\n<p>Musique Compos\u00e9e pour le film Six &amp; Demi Onze de Jean Epstein en collaboration avec la Cin\u00e9math\u00e8que Fran\u00e7aise et les Editions POTEMKINE.<br \/>\np&amp;c Krikor Kouchian 2014<br \/>\nDistro@boomkat.com<\/p>\n","protected":false},"excerpt":{"rendered":"<p>Media Condition: Mint (M)<\/p>\n<p>Sleeve Condition: Mint (M)<\/p>\n<p>Label: Boomkat Editions<\/p>\n<p>Released: 2020<\/p>\n","protected":false},"featured_media":3084319,"template":"","meta":{"_acf_changed":false},"product_brand":[],"product_cat":[23,22,142],"product_tag":[],"class_list":{"0":"post-11169","1":"product","2":"type-product","3":"status-publish","4":"has-post-thumbnail","6":"product_cat-classical","7":"product_cat-electronic","8":"product_cat-stage-screen","10":"first","11":"instock","12":"taxable","13":"shipping-taxable","14":"purchasable","15":"product-type-simple"},"acf":[],"mb":[],"mfb_rest_fields":["title"],"_links":{"self":[{"href":"https:\/\/digelius.com\/fi\/wp-json\/wp\/v2\/product\/11169","targetHints":{"allow":["GET"]}}],"collection":[{"href":"https:\/\/digelius.com\/fi\/wp-json\/wp\/v2\/product"}],"about":[{"href":"https:\/\/digelius.com\/fi\/wp-json\/wp\/v2\/types\/product"}],"wp:featuredmedia":[{"embeddable":true,"href":"https:\/\/digelius.com\/fi\/wp-json\/wp\/v2\/media\/3084319"}],"wp:attachment":[{"href":"https:\/\/digelius.com\/fi\/wp-json\/wp\/v2\/media?parent=11169"}],"wp:term":[{"taxonomy":"product_brand","embeddable":true,"href":"https:\/\/digelius.com\/fi\/wp-json\/wp\/v2\/product_brand?post=11169"},{"taxonomy":"product_cat","embeddable":true,"href":"https:\/\/digelius.com\/fi\/wp-json\/wp\/v2\/product_cat?post=11169"},{"taxonomy":"product_tag","embeddable":true,"href":"https:\/\/digelius.com\/fi\/wp-json\/wp\/v2\/product_tag?post=11169"}],"curies":[{"name":"wp","href":"https:\/\/api.w.org\/{rel}","templated":true}]}}