{"id":11687,"date":"2023-12-19T22:39:35","date_gmt":"2023-12-19T20:39:35","guid":{"rendered":"https:\/\/digelius.qb.web-veistamo.fi\/product\/jazz-kiinnostaa-t-shirt\/"},"modified":"2025-02-01T11:32:57","modified_gmt":"2025-02-01T09:32:57","slug":"jazz-kiinnostaa-t-shirt","status":"publish","type":"product","link":"https:\/\/digelius.com\/fi\/product\/jazz-kiinnostaa-t-shirt\/","title":{"rendered":"Jazz kiinnostaa -T-paita"},"content":{"rendered":"","protected":false},"excerpt":{"rendered":"Jazz kiinnostaa -T-paita, julkaistu 2023 vuosien odottelun j\u00e4lkeen. Vihdoin t\u00e4\u00e4ll\u00e4!","protected":false},"featured_media":121472,"template":"","meta":{"_acf_changed":false},"product_brand":[],"product_cat":[99],"product_tag":[],"class_list":{"0":"post-11687","1":"product","2":"type-product","3":"status-publish","4":"has-post-thumbnail","6":"product_cat-uncategorized-fi","8":"first","9":"instock","10":"taxable","11":"shipping-taxable","12":"purchasable","13":"product-type-variable"},"acf":[],"mb":[],"mfb_rest_fields":["title"],"_links":{"self":[{"href":"https:\/\/digelius.com\/fi\/wp-json\/wp\/v2\/product\/11687","targetHints":{"allow":["GET"]}}],"collection":[{"href":"https:\/\/digelius.com\/fi\/wp-json\/wp\/v2\/product"}],"about":[{"href":"https:\/\/digelius.com\/fi\/wp-json\/wp\/v2\/types\/product"}],"wp:featuredmedia":[{"embeddable":true,"href":"https:\/\/digelius.com\/fi\/wp-json\/wp\/v2\/media\/121472"}],"wp:attachment":[{"href":"https:\/\/digelius.com\/fi\/wp-json\/wp\/v2\/media?parent=11687"}],"wp:term":[{"taxonomy":"product_brand","embeddable":true,"href":"https:\/\/digelius.com\/fi\/wp-json\/wp\/v2\/product_brand?post=11687"},{"taxonomy":"product_cat","embeddable":true,"href":"https:\/\/digelius.com\/fi\/wp-json\/wp\/v2\/product_cat?post=11687"},{"taxonomy":"product_tag","embeddable":true,"href":"https:\/\/digelius.com\/fi\/wp-json\/wp\/v2\/product_tag?post=11687"}],"curies":[{"name":"wp","href":"https:\/\/api.w.org\/{rel}","templated":true}]}}