{"id":11902,"date":"2023-12-19T23:57:30","date_gmt":"2023-12-19T21:57:30","guid":{"rendered":"https:\/\/digelius.qb.web-veistamo.fi\/product\/kynnet-vahat-valittaa\/"},"modified":"2025-03-24T07:44:18","modified_gmt":"2025-03-24T05:44:18","slug":"kynnet-vahat-valittaa","status":"publish","type":"product","link":"https:\/\/digelius.com\/fi\/product\/kynnet-vahat-valittaa\/","title":{"rendered":"Kynnet: V\u00e4h\u00e4t V\u00e4litt\u00e4\u00e4"},"content":{"rendered":"<p>New copy. Pickup possible at our Helsinki store (please indicate in details).<\/p>\n<p>This has black vinyl there is also green vinyl version.<\/p>\n","protected":false},"excerpt":{"rendered":"<p>Media Condition: Mint (M)<\/p>\n<p>Sleeve Condition: Mint (M)<\/p>\n<p>Label: Svart Records<\/p>\n<p>Released: 2018<\/p>\n","protected":false},"featured_media":2144203,"template":"","meta":{"_acf_changed":false},"product_brand":[],"product_cat":[28,27],"product_tag":[],"class_list":{"0":"post-11902","1":"product","2":"type-product","3":"status-publish","4":"has-post-thumbnail","6":"product_cat-pop","7":"product_cat-rock","9":"first","10":"instock","11":"taxable","12":"shipping-taxable","13":"purchasable","14":"product-type-simple"},"acf":[],"mb":[],"mfb_rest_fields":["title"],"_links":{"self":[{"href":"https:\/\/digelius.com\/fi\/wp-json\/wp\/v2\/product\/11902","targetHints":{"allow":["GET"]}}],"collection":[{"href":"https:\/\/digelius.com\/fi\/wp-json\/wp\/v2\/product"}],"about":[{"href":"https:\/\/digelius.com\/fi\/wp-json\/wp\/v2\/types\/product"}],"wp:featuredmedia":[{"embeddable":true,"href":"https:\/\/digelius.com\/fi\/wp-json\/wp\/v2\/media\/2144203"}],"wp:attachment":[{"href":"https:\/\/digelius.com\/fi\/wp-json\/wp\/v2\/media?parent=11902"}],"wp:term":[{"taxonomy":"product_brand","embeddable":true,"href":"https:\/\/digelius.com\/fi\/wp-json\/wp\/v2\/product_brand?post=11902"},{"taxonomy":"product_cat","embeddable":true,"href":"https:\/\/digelius.com\/fi\/wp-json\/wp\/v2\/product_cat?post=11902"},{"taxonomy":"product_tag","embeddable":true,"href":"https:\/\/digelius.com\/fi\/wp-json\/wp\/v2\/product_tag?post=11902"}],"curies":[{"name":"wp","href":"https:\/\/api.w.org\/{rel}","templated":true}]}}