{"id":11926,"date":"2023-12-20T00:03:42","date_gmt":"2023-12-19T22:03:42","guid":{"rendered":"https:\/\/digelius.qb.web-veistamo.fi\/product\/veli-matti-o-aijala-raskas-alzheimer\/"},"modified":"2026-02-12T05:31:40","modified_gmt":"2026-02-12T03:31:40","slug":"veli-matti-o-aijala-raskas-alzheimer","status":"publish","type":"product","link":"https:\/\/digelius.com\/fi\/product\/veli-matti-o-aijala-raskas-alzheimer\/","title":{"rendered":"Veli-Matti O \u00c4ij\u00e4l\u00e4*: Raskas Alzheimer"},"content":{"rendered":"<p>New copy. Pickup possible at our Helsinki store (please indicate in details).<\/p>\n<p>koneet, \u00e4\u00e4nitys, miksaus, laulu:<br \/>\nveli\u2013matti o \u00e4ij\u00e4l\u00e4 2004\u20132016, ikbal studios, helsinki\u2013oulu finland<\/p>\n<p>etukannen valokuva:<br \/>\nemma \u00e4ij\u00e4l\u00e4<\/p>\n<p>kannet:<br \/>\nsamuli alapuranen<\/p>\n<p>kiitoksia:<br \/>\nsanna, emma, vincent, lola ja sisu, (rottapojat ja tyt\u00f6t)<\/p>\n<p>erityiskiitokset:<br \/>\nniko, heikonen, seeka<br \/>\nwasp synthesiser electronic dream plant ltd.,<br \/>\nalesis sr\u201316 16 bit stereo drum machine,<br \/>\nkorg monotribe analogue ribbon station<\/p>\n<p>aikaisemmin julkaistu:<br \/>\nveli\u2013matti o \u00e4ij\u00e4l\u00e4 \u2013 raskas taakka 12\u201d<br \/>\n(vauva \u2013 VAUVA-09, joteskii groteskii \u2013 JOG\u20134) 2012<br \/>\nveli\u2013matti o \u00e4ij\u00e4l\u00e4 \u2013 alzheimer 12\u201d<br \/>\n(joteskii groteskii \u2013 JOG\u201333) 2016<br \/>\nveli\u2013matti o \u00e4ij\u00e4l\u00e4 \u2013 olet kuolleena kuollut<br \/>\n(bad vugum \u2013 BAD\u201350X) 2004<\/p>\n<p>bonus:<br \/>\n\u00e4\u00e4nitesti, j\u00e4inen kuin j\u00e4\u00e4 otto 4, alhaalla maan alla,<br \/>\nnucklearwar disco part one, katseen voima<\/p>\n<p>t\u00e4m\u00e4 levy on omistettu lapsuudelle\u2026<\/p>\n","protected":false},"excerpt":{"rendered":"<p>Media Condition: Mint (M)<\/p>\n<p>Sleeve Condition: Mint (M)<\/p>\n<p>Label: Karkia Mistika<\/p>\n<p>Released: 2017<\/p>\n","protected":false},"featured_media":3154900,"template":"","meta":{"_acf_changed":false},"product_brand":[],"product_cat":[22],"product_tag":[],"class_list":{"0":"post-11926","1":"product","2":"type-product","3":"status-publish","4":"has-post-thumbnail","6":"product_cat-electronic","8":"first","9":"instock","10":"taxable","11":"shipping-taxable","12":"purchasable","13":"product-type-simple"},"acf":[],"mb":[],"mfb_rest_fields":["title"],"_links":{"self":[{"href":"https:\/\/digelius.com\/fi\/wp-json\/wp\/v2\/product\/11926","targetHints":{"allow":["GET"]}}],"collection":[{"href":"https:\/\/digelius.com\/fi\/wp-json\/wp\/v2\/product"}],"about":[{"href":"https:\/\/digelius.com\/fi\/wp-json\/wp\/v2\/types\/product"}],"wp:featuredmedia":[{"embeddable":true,"href":"https:\/\/digelius.com\/fi\/wp-json\/wp\/v2\/media\/3154900"}],"wp:attachment":[{"href":"https:\/\/digelius.com\/fi\/wp-json\/wp\/v2\/media?parent=11926"}],"wp:term":[{"taxonomy":"product_brand","embeddable":true,"href":"https:\/\/digelius.com\/fi\/wp-json\/wp\/v2\/product_brand?post=11926"},{"taxonomy":"product_cat","embeddable":true,"href":"https:\/\/digelius.com\/fi\/wp-json\/wp\/v2\/product_cat?post=11926"},{"taxonomy":"product_tag","embeddable":true,"href":"https:\/\/digelius.com\/fi\/wp-json\/wp\/v2\/product_tag?post=11926"}],"curies":[{"name":"wp","href":"https:\/\/api.w.org\/{rel}","templated":true}]}}