{"id":11995,"date":"2023-12-20T00:28:05","date_gmt":"2023-12-19T22:28:05","guid":{"rendered":"https:\/\/digelius.qb.web-veistamo.fi\/product\/billy-boys-buzz-baby-buzz\/"},"modified":"2026-02-12T07:01:26","modified_gmt":"2026-02-12T05:01:26","slug":"billy-boys-buzz-baby-buzz","status":"publish","type":"product","link":"https:\/\/digelius.com\/fi\/product\/billy-boys-buzz-baby-buzz\/","title":{"rendered":"Billy Boys: Buzz Baby Buzz"},"content":{"rendered":"<p>New copy. Pickup possible at our Helsinki store (please indicate in details).<\/p>\n<p>Pressing of 500 copies (100 with silver foil text).<br \/>\nAll songs by \u00c4ij\u00e4l\u00e4<\/p>\n","protected":false},"excerpt":{"rendered":"<p>Media Condition: Mint (M)<\/p>\n<p>Sleeve Condition: Mint (M)<\/p>\n<p>Label: Joteskii Groteskii<\/p>\n<p>Released: 2016<\/p>\n","protected":false},"featured_media":3154867,"template":"","meta":{"_acf_changed":false},"product_brand":[],"product_cat":[17],"product_tag":[],"class_list":{"0":"post-11995","1":"product","2":"type-product","3":"status-publish","4":"has-post-thumbnail","6":"product_cat-blues","8":"first","9":"instock","10":"taxable","11":"shipping-taxable","12":"purchasable","13":"product-type-simple"},"acf":[],"mb":[],"mfb_rest_fields":["title"],"_links":{"self":[{"href":"https:\/\/digelius.com\/fi\/wp-json\/wp\/v2\/product\/11995","targetHints":{"allow":["GET"]}}],"collection":[{"href":"https:\/\/digelius.com\/fi\/wp-json\/wp\/v2\/product"}],"about":[{"href":"https:\/\/digelius.com\/fi\/wp-json\/wp\/v2\/types\/product"}],"wp:featuredmedia":[{"embeddable":true,"href":"https:\/\/digelius.com\/fi\/wp-json\/wp\/v2\/media\/3154867"}],"wp:attachment":[{"href":"https:\/\/digelius.com\/fi\/wp-json\/wp\/v2\/media?parent=11995"}],"wp:term":[{"taxonomy":"product_brand","embeddable":true,"href":"https:\/\/digelius.com\/fi\/wp-json\/wp\/v2\/product_brand?post=11995"},{"taxonomy":"product_cat","embeddable":true,"href":"https:\/\/digelius.com\/fi\/wp-json\/wp\/v2\/product_cat?post=11995"},{"taxonomy":"product_tag","embeddable":true,"href":"https:\/\/digelius.com\/fi\/wp-json\/wp\/v2\/product_tag?post=11995"}],"curies":[{"name":"wp","href":"https:\/\/api.w.org\/{rel}","templated":true}]}}