{"id":12007,"date":"2023-12-20T00:53:56","date_gmt":"2023-12-19T22:53:56","guid":{"rendered":"https:\/\/digelius.qb.web-veistamo.fi\/product\/nicolas-kivilinna-eino-leino\/"},"modified":"2026-02-12T07:31:36","modified_gmt":"2026-02-12T05:31:36","slug":"nicolas-kivilinna-eino-leino","status":"publish","type":"product","link":"https:\/\/digelius.com\/fi\/product\/nicolas-kivilinna-eino-leino\/","title":{"rendered":"Nicolas Kivilinna: Eino Leino"},"content":{"rendered":"<p>New copy. Pickup possible at our Helsinki store (please indicate in details).<\/p>\n<p>Ensimm\u00e4inen painos 500 kpl sis\u00e4lt\u00e4\u00e4 sanoitusliitteen.<br \/>\nToinen painos (2016) 300 kpl jossa &#8221;j\u00e4ljenn\u00f6s&#8221; -leima sis\u00e4pussissa. Ei liitett\u00e4.<\/p>\n","protected":false},"excerpt":{"rendered":"<p>Media Condition: Mint (M)<\/p>\n<p>Sleeve Condition: Mint (M)<\/p>\n<p>Label: Joteskii Groteskii<\/p>\n<p>Released: 2013<\/p>\n","protected":false},"featured_media":3154859,"template":"","meta":{"_acf_changed":false},"product_brand":[],"product_cat":[31,28],"product_tag":[],"class_list":{"0":"post-12007","1":"product","2":"type-product","3":"status-publish","4":"has-post-thumbnail","6":"product_cat-folk-world-country","7":"product_cat-pop","9":"first","10":"instock","11":"taxable","12":"shipping-taxable","13":"purchasable","14":"product-type-simple"},"acf":[],"mb":[],"mfb_rest_fields":["title"],"_links":{"self":[{"href":"https:\/\/digelius.com\/fi\/wp-json\/wp\/v2\/product\/12007","targetHints":{"allow":["GET"]}}],"collection":[{"href":"https:\/\/digelius.com\/fi\/wp-json\/wp\/v2\/product"}],"about":[{"href":"https:\/\/digelius.com\/fi\/wp-json\/wp\/v2\/types\/product"}],"wp:featuredmedia":[{"embeddable":true,"href":"https:\/\/digelius.com\/fi\/wp-json\/wp\/v2\/media\/3154859"}],"wp:attachment":[{"href":"https:\/\/digelius.com\/fi\/wp-json\/wp\/v2\/media?parent=12007"}],"wp:term":[{"taxonomy":"product_brand","embeddable":true,"href":"https:\/\/digelius.com\/fi\/wp-json\/wp\/v2\/product_brand?post=12007"},{"taxonomy":"product_cat","embeddable":true,"href":"https:\/\/digelius.com\/fi\/wp-json\/wp\/v2\/product_cat?post=12007"},{"taxonomy":"product_tag","embeddable":true,"href":"https:\/\/digelius.com\/fi\/wp-json\/wp\/v2\/product_tag?post=12007"}],"curies":[{"name":"wp","href":"https:\/\/api.w.org\/{rel}","templated":true}]}}