{"id":12027,"date":"2023-12-20T01:32:17","date_gmt":"2023-12-19T23:32:17","guid":{"rendered":"https:\/\/digelius.qb.web-veistamo.fi\/product\/a-takalo-takavalot-hella-yo\/"},"modified":"2026-02-12T08:01:12","modified_gmt":"2026-02-12T06:01:12","slug":"a-takalo-takavalot-hella-yo","status":"publish","type":"product","link":"https:\/\/digelius.com\/fi\/product\/a-takalo-takavalot-hella-yo\/","title":{"rendered":"A.Takalo &amp; Takavalot: Hell\u00e4 Y\u00f6"},"content":{"rendered":"<p>New copy. Pickup possible at our Helsinki store (please indicate in details).<\/p>\n<p>S\u00e4vellykset ja sanat: A. Takalo<br \/>\nSovitukset: A. Takalo &amp; Takavalot<br \/>\nLevy sis\u00e4lt\u00e4\u00e4 tekstiliitteen. Painos 300 kpl.<\/p>\n","protected":false},"excerpt":{"rendered":"<p>Media Condition: Mint (M)<\/p>\n<p>Sleeve Condition: Mint (M)<\/p>\n<p>Label: Joteskii Groteskii,Antikvariaatti Novgorod<\/p>\n<p>Released: 2019<\/p>\n","protected":false},"featured_media":3154851,"template":"","meta":{"_acf_changed":false},"product_brand":[],"product_cat":[28,27],"product_tag":[],"class_list":{"0":"post-12027","1":"product","2":"type-product","3":"status-publish","4":"has-post-thumbnail","6":"product_cat-pop","7":"product_cat-rock","9":"first","10":"instock","11":"taxable","12":"shipping-taxable","13":"purchasable","14":"product-type-simple"},"acf":[],"mb":[],"mfb_rest_fields":["title"],"_links":{"self":[{"href":"https:\/\/digelius.com\/fi\/wp-json\/wp\/v2\/product\/12027","targetHints":{"allow":["GET"]}}],"collection":[{"href":"https:\/\/digelius.com\/fi\/wp-json\/wp\/v2\/product"}],"about":[{"href":"https:\/\/digelius.com\/fi\/wp-json\/wp\/v2\/types\/product"}],"wp:featuredmedia":[{"embeddable":true,"href":"https:\/\/digelius.com\/fi\/wp-json\/wp\/v2\/media\/3154851"}],"wp:attachment":[{"href":"https:\/\/digelius.com\/fi\/wp-json\/wp\/v2\/media?parent=12027"}],"wp:term":[{"taxonomy":"product_brand","embeddable":true,"href":"https:\/\/digelius.com\/fi\/wp-json\/wp\/v2\/product_brand?post=12027"},{"taxonomy":"product_cat","embeddable":true,"href":"https:\/\/digelius.com\/fi\/wp-json\/wp\/v2\/product_cat?post=12027"},{"taxonomy":"product_tag","embeddable":true,"href":"https:\/\/digelius.com\/fi\/wp-json\/wp\/v2\/product_tag?post=12027"}],"curies":[{"name":"wp","href":"https:\/\/api.w.org\/{rel}","templated":true}]}}