{"id":12033,"date":"2023-12-20T01:32:23","date_gmt":"2023-12-19T23:32:23","guid":{"rendered":"https:\/\/digelius.qb.web-veistamo.fi\/product\/kuolio-2-kukaan-ei-valita-susta\/"},"modified":"2026-02-12T08:01:14","modified_gmt":"2026-02-12T06:01:14","slug":"kuolio-2-kukaan-ei-valita-susta","status":"publish","type":"product","link":"https:\/\/digelius.com\/fi\/product\/kuolio-2-kukaan-ei-valita-susta\/","title":{"rendered":"Kuolio (2): Kukaan Ei V\u00e4lit\u00e4 Susta"},"content":{"rendered":"<p>New copy. Pickup possible at our Helsinki store (please indicate in details).<\/p>\n<p>A-puoli KUOLIO Org: Kuolio, Tuomo Puranen, Tatu R\u00f6nkk\u00f6 ja Ossi Nurmela<br \/>\nB-puoli KUOLIO Orch: Kuolio, Tatu Kemppainen, Myrkky, Jorma Jean, Pekka Laasanen ja Touko Kemppainen<br \/>\nSanat ja s\u00e4vel KUOLIO. Valokuvat Juha Metso.<br \/>\nSis\u00e4lt\u00e4\u00e4 liitteen. Painos 200 kpl.<\/p>\n","protected":false},"excerpt":{"rendered":"<p>Media Condition: Mint (M)<\/p>\n<p>Sleeve Condition: Mint (M)<\/p>\n<p>Label: Joteskii Groteskii<\/p>\n<p>Released: 2018<\/p>\n","protected":false},"featured_media":3154849,"template":"","meta":{"_acf_changed":false},"product_brand":[],"product_cat":[22,27],"product_tag":[],"class_list":{"0":"post-12033","1":"product","2":"type-product","3":"status-publish","4":"has-post-thumbnail","6":"product_cat-electronic","7":"product_cat-rock","9":"first","10":"instock","11":"taxable","12":"shipping-taxable","13":"purchasable","14":"product-type-simple"},"acf":[],"mb":[],"mfb_rest_fields":["title"],"_links":{"self":[{"href":"https:\/\/digelius.com\/fi\/wp-json\/wp\/v2\/product\/12033","targetHints":{"allow":["GET"]}}],"collection":[{"href":"https:\/\/digelius.com\/fi\/wp-json\/wp\/v2\/product"}],"about":[{"href":"https:\/\/digelius.com\/fi\/wp-json\/wp\/v2\/types\/product"}],"wp:featuredmedia":[{"embeddable":true,"href":"https:\/\/digelius.com\/fi\/wp-json\/wp\/v2\/media\/3154849"}],"wp:attachment":[{"href":"https:\/\/digelius.com\/fi\/wp-json\/wp\/v2\/media?parent=12033"}],"wp:term":[{"taxonomy":"product_brand","embeddable":true,"href":"https:\/\/digelius.com\/fi\/wp-json\/wp\/v2\/product_brand?post=12033"},{"taxonomy":"product_cat","embeddable":true,"href":"https:\/\/digelius.com\/fi\/wp-json\/wp\/v2\/product_cat?post=12033"},{"taxonomy":"product_tag","embeddable":true,"href":"https:\/\/digelius.com\/fi\/wp-json\/wp\/v2\/product_tag?post=12033"}],"curies":[{"name":"wp","href":"https:\/\/api.w.org\/{rel}","templated":true}]}}