{"id":123169,"date":"2024-01-23T23:30:47","date_gmt":"2024-01-23T21:30:47","guid":{"rendered":"https:\/\/digelius.com\/product\/rasa-4-transparent-media\/"},"modified":"2026-02-03T08:31:36","modified_gmt":"2026-02-03T06:31:36","slug":"rasa-4-transparent-media","status":"publish","type":"product","link":"https:\/\/digelius.com\/fi\/product\/rasa-4-transparent-media\/","title":{"rendered":"Rasa (4): Transparent Media"},"content":{"rendered":"<p>Pickup possible at Digelius Music in Helsinki (by selecting the &quot;local pickup&quot; shipping option).<\/p>\n<p>Recorded in August 1981 at Studio Krishna, Korsn\u00e4s G\u00e5rd, Gr\u00f6dinge.<\/p>\n<p>Released with differences on labels to [r=16105759].<br \/>\nSome had a flier with the address to &#8221;The Krishna Temple of Partille&#8221;.<\/p>\n<p>\u2117 \u00a9 Lotus Eye Records, ISKCON, Korsn\u00e4s G\u00e5rd, S-140 32 Gr\u00f6dinge, Sweden.<\/p>\n","protected":false},"excerpt":{"rendered":"<p>Media Condition: Very Good (VG)<\/p>\n<p>Sleeve Condition: Very Good (VG)<\/p>\n<p>Label: Lotus Eye Records<\/p>\n<p>Released: 1981<\/p>\n","protected":false},"featured_media":3153236,"template":"","meta":{"_acf_changed":false},"product_brand":[],"product_cat":[31,92,98,27],"product_tag":[],"class_list":{"0":"post-123169","1":"product","2":"type-product","3":"status-publish","4":"has-post-thumbnail","6":"product_cat-folk-world-country","7":"product_cat-folk-world-country-fi","8":"product_cat-rock-fi","9":"product_cat-rock","11":"first","12":"instock","13":"taxable","14":"shipping-taxable","15":"purchasable","16":"product-type-simple"},"acf":[],"mb":[],"mfb_rest_fields":["title"],"_links":{"self":[{"href":"https:\/\/digelius.com\/fi\/wp-json\/wp\/v2\/product\/123169","targetHints":{"allow":["GET"]}}],"collection":[{"href":"https:\/\/digelius.com\/fi\/wp-json\/wp\/v2\/product"}],"about":[{"href":"https:\/\/digelius.com\/fi\/wp-json\/wp\/v2\/types\/product"}],"wp:featuredmedia":[{"embeddable":true,"href":"https:\/\/digelius.com\/fi\/wp-json\/wp\/v2\/media\/3153236"}],"wp:attachment":[{"href":"https:\/\/digelius.com\/fi\/wp-json\/wp\/v2\/media?parent=123169"}],"wp:term":[{"taxonomy":"product_brand","embeddable":true,"href":"https:\/\/digelius.com\/fi\/wp-json\/wp\/v2\/product_brand?post=123169"},{"taxonomy":"product_cat","embeddable":true,"href":"https:\/\/digelius.com\/fi\/wp-json\/wp\/v2\/product_cat?post=123169"},{"taxonomy":"product_tag","embeddable":true,"href":"https:\/\/digelius.com\/fi\/wp-json\/wp\/v2\/product_tag?post=123169"}],"curies":[{"name":"wp","href":"https:\/\/api.w.org\/{rel}","templated":true}]}}