{"id":123193,"date":"2024-01-23T23:36:04","date_gmt":"2024-01-23T21:36:04","guid":{"rendered":"https:\/\/digelius.com\/product\/disappointed-a-few-people-dead-in-love\/"},"modified":"2026-02-03T08:31:37","modified_gmt":"2026-02-03T06:31:37","slug":"disappointed-a-few-people-dead-in-love","status":"publish","type":"product","link":"https:\/\/digelius.com\/fi\/product\/disappointed-a-few-people-dead-in-love\/","title":{"rendered":"Disappointed A Few People: Dead In Love"},"content":{"rendered":"<p>Pickup possible at Digelius Music in Helsinki (by selecting the &quot;local pickup&quot; shipping option).<\/p>\n<p>Includes insert.<\/p>\n<p>Recorded at Studio LaMajeure (except &#8221;Black Wine&#8221; Studio City Magic \u2013 Dorval) and &#8221;Teresa&#8221; enregistr\u00e9e par Liver (sur 4 pistes au local)<\/p>\n<p>All songs published by Les editions Translucides\/Editions Suicides \u00a9 &#8217;85-&#8217;86 (\u00e0 l&#8217;exception de &#8221;La Solitude&#8221; reproduite gr\u00e2ce \u00e0 l&#8217;aimable autorisation de L\u00e9o Ferr\u00e9).<br \/>\nAlbum produced by Psyche Industry Records \u2117 1986<\/p>\n<p>Distributed by Horror, P.O. Box 94, Station P.D.A., Mtl, H2Y 3E9<\/p>\n","protected":false},"excerpt":{"rendered":"<p>Media Condition: Very Good Plus (VG+)<\/p>\n<p>Sleeve Condition: Very Good Plus (VG+)<\/p>\n<p>Label: Psyche Industry Records<\/p>\n<p>Released: 1986<\/p>\n","protected":false},"featured_media":3153234,"template":"","meta":{"_acf_changed":false},"product_brand":[],"product_cat":[22,27],"product_tag":[],"class_list":{"0":"post-123193","1":"product","2":"type-product","3":"status-publish","4":"has-post-thumbnail","6":"product_cat-electronic","7":"product_cat-rock","9":"first","10":"instock","11":"taxable","12":"shipping-taxable","13":"purchasable","14":"product-type-simple"},"acf":[],"mb":[],"mfb_rest_fields":["title"],"_links":{"self":[{"href":"https:\/\/digelius.com\/fi\/wp-json\/wp\/v2\/product\/123193","targetHints":{"allow":["GET"]}}],"collection":[{"href":"https:\/\/digelius.com\/fi\/wp-json\/wp\/v2\/product"}],"about":[{"href":"https:\/\/digelius.com\/fi\/wp-json\/wp\/v2\/types\/product"}],"wp:featuredmedia":[{"embeddable":true,"href":"https:\/\/digelius.com\/fi\/wp-json\/wp\/v2\/media\/3153234"}],"wp:attachment":[{"href":"https:\/\/digelius.com\/fi\/wp-json\/wp\/v2\/media?parent=123193"}],"wp:term":[{"taxonomy":"product_brand","embeddable":true,"href":"https:\/\/digelius.com\/fi\/wp-json\/wp\/v2\/product_brand?post=123193"},{"taxonomy":"product_cat","embeddable":true,"href":"https:\/\/digelius.com\/fi\/wp-json\/wp\/v2\/product_cat?post=123193"},{"taxonomy":"product_tag","embeddable":true,"href":"https:\/\/digelius.com\/fi\/wp-json\/wp\/v2\/product_tag?post=123193"}],"curies":[{"name":"wp","href":"https:\/\/api.w.org\/{rel}","templated":true}]}}