{"id":12900,"date":"2023-12-20T11:42:23","date_gmt":"2023-12-20T09:42:23","guid":{"rendered":"https:\/\/digelius.qb.web-veistamo.fi\/product\/osten-warnerbring-forlat-lilla-van-hej-lilla-stumpan\/"},"modified":"2026-02-13T02:01:45","modified_gmt":"2026-02-13T00:01:45","slug":"osten-warnerbring-forlat-lilla-van-hej-lilla-stumpan","status":"publish","type":"product","link":"https:\/\/digelius.com\/fi\/product\/osten-warnerbring-forlat-lilla-van-hej-lilla-stumpan\/","title":{"rendered":"\u00d6sten Warnerbring: F\u00f6rl\u00e5t, Lilla V\u00e4n \/ Hej Lilla Stumpan"},"content":{"rendered":"<p>Pickup possible at our Helsinki store (please indicate in details).<\/p>\n<p>Different cover<\/p>\n","protected":false},"excerpt":{"rendered":"<p>Media Condition: Very Good Plus (VG+)<\/p>\n<p>Sleeve Condition: Very Good (VG)<\/p>\n<p>Label: Karusell<\/p>\n<p>Released: 1965<\/p>\n","protected":false},"featured_media":3154486,"template":"","meta":{"_acf_changed":false},"product_brand":[],"product_cat":[16,28],"product_tag":[],"class_list":{"0":"post-12900","1":"product","2":"type-product","3":"status-publish","4":"has-post-thumbnail","6":"product_cat-jazz","7":"product_cat-pop","9":"first","10":"instock","11":"taxable","12":"shipping-taxable","13":"purchasable","14":"product-type-simple"},"acf":[],"mb":[],"mfb_rest_fields":["title"],"_links":{"self":[{"href":"https:\/\/digelius.com\/fi\/wp-json\/wp\/v2\/product\/12900","targetHints":{"allow":["GET"]}}],"collection":[{"href":"https:\/\/digelius.com\/fi\/wp-json\/wp\/v2\/product"}],"about":[{"href":"https:\/\/digelius.com\/fi\/wp-json\/wp\/v2\/types\/product"}],"wp:featuredmedia":[{"embeddable":true,"href":"https:\/\/digelius.com\/fi\/wp-json\/wp\/v2\/media\/3154486"}],"wp:attachment":[{"href":"https:\/\/digelius.com\/fi\/wp-json\/wp\/v2\/media?parent=12900"}],"wp:term":[{"taxonomy":"product_brand","embeddable":true,"href":"https:\/\/digelius.com\/fi\/wp-json\/wp\/v2\/product_brand?post=12900"},{"taxonomy":"product_cat","embeddable":true,"href":"https:\/\/digelius.com\/fi\/wp-json\/wp\/v2\/product_cat?post=12900"},{"taxonomy":"product_tag","embeddable":true,"href":"https:\/\/digelius.com\/fi\/wp-json\/wp\/v2\/product_tag?post=12900"}],"curies":[{"name":"wp","href":"https:\/\/api.w.org\/{rel}","templated":true}]}}