{"id":12983,"date":"2023-12-20T12:15:51","date_gmt":"2023-12-20T10:15:51","guid":{"rendered":"https:\/\/digelius.qb.web-veistamo.fi\/product\/the-modern-jazz-sextet-the-modern-jazz-sextet\/"},"modified":"2026-02-13T04:01:58","modified_gmt":"2026-02-13T02:01:58","slug":"the-modern-jazz-sextet-the-modern-jazz-sextet","status":"publish","type":"product","link":"https:\/\/digelius.com\/fi\/product\/the-modern-jazz-sextet-the-modern-jazz-sextet\/","title":{"rendered":"The Modern Jazz Sextet: The Modern Jazz Sextet"},"content":{"rendered":"<p>Record has many surface hairlines and marks, but nothing deep. Sleeve has wear and little writing on the back and is VG to VG+. Pickup possible at our Helsinki store (please indicate in details).<\/p>\n<p>Made in Sweden.<\/p>\n<p>Sthlms Industriboloag,<\/p>\n<p>&#8221;Det \u00e4r allts\u00e5 serverat f\u00f6r en dryg kvarts f\u00f6rstklassig modern jazz n\u00e4r Modern Jazz Sextet spelar upp hemma p\u00e5 er grammofon. Deras musik \u00e4r inte modern i experimentell betydelse &#8211; tv\u00e4rtom den \u00e4r k\u00e4nsloladdad och djupt rotad i den tradtion, som m\u00e5ste pr\u00e4gla all \u00e4kta, levande jazz.&#8221;<\/p>\n<p>The Modern Jass Sextet. [Back cover].<\/p>\n","protected":false},"excerpt":{"rendered":"<p>Media Condition: Very Good (VG)<\/p>\n<p>Sleeve Condition: Very Good (VG)<\/p>\n<p>Label: Karusell<\/p>\n<p>Released: 1957<\/p>\n","protected":false},"featured_media":3154446,"template":"","meta":{"_acf_changed":false},"product_brand":[],"product_cat":[16],"product_tag":[],"class_list":{"0":"post-12983","1":"product","2":"type-product","3":"status-publish","4":"has-post-thumbnail","6":"product_cat-jazz","8":"first","9":"instock","10":"taxable","11":"shipping-taxable","12":"purchasable","13":"product-type-simple"},"acf":[],"mb":[],"mfb_rest_fields":["title"],"_links":{"self":[{"href":"https:\/\/digelius.com\/fi\/wp-json\/wp\/v2\/product\/12983","targetHints":{"allow":["GET"]}}],"collection":[{"href":"https:\/\/digelius.com\/fi\/wp-json\/wp\/v2\/product"}],"about":[{"href":"https:\/\/digelius.com\/fi\/wp-json\/wp\/v2\/types\/product"}],"wp:featuredmedia":[{"embeddable":true,"href":"https:\/\/digelius.com\/fi\/wp-json\/wp\/v2\/media\/3154446"}],"wp:attachment":[{"href":"https:\/\/digelius.com\/fi\/wp-json\/wp\/v2\/media?parent=12983"}],"wp:term":[{"taxonomy":"product_brand","embeddable":true,"href":"https:\/\/digelius.com\/fi\/wp-json\/wp\/v2\/product_brand?post=12983"},{"taxonomy":"product_cat","embeddable":true,"href":"https:\/\/digelius.com\/fi\/wp-json\/wp\/v2\/product_cat?post=12983"},{"taxonomy":"product_tag","embeddable":true,"href":"https:\/\/digelius.com\/fi\/wp-json\/wp\/v2\/product_tag?post=12983"}],"curies":[{"name":"wp","href":"https:\/\/api.w.org\/{rel}","templated":true}]}}