{"id":13062,"date":"2023-12-20T12:47:10","date_gmt":"2023-12-20T10:47:10","guid":{"rendered":"https:\/\/digelius.qb.web-veistamo.fi\/product\/duke-ellington-ellington-65\/"},"modified":"2026-02-13T06:01:09","modified_gmt":"2026-02-13T04:01:09","slug":"duke-ellington-ellington-65","status":"publish","type":"product","link":"https:\/\/digelius.com\/fi\/product\/duke-ellington-ellington-65\/","title":{"rendered":"Duke Ellington: Ellington 65"},"content":{"rendered":"<p>Pickup possible at our Helsinki store (please indicate in details).<\/p>\n<p>&#8221;Ce disque est un enregistrement REPRISE. Haute Fid\u00e9lit\u00e9, le mat\u00e9riel galvanoplastique et le pressage ont \u00e9t\u00e9 r\u00e9alis\u00e9s par la Manufacture de Productions Phonographiques VOGUE&#8221;<\/p>\n<p>&#8221;C&#8217;EST UNE R\u00c9ALISATION disques vogue Villetaneuse (Seine)&#8221;<\/p>\n","protected":false},"excerpt":{"rendered":"<p>Media Condition: Very Good Plus (VG+)<\/p>\n<p>Sleeve Condition: Very Good (VG)<\/p>\n<p>Label: Reprise Records,Disques Vogue<\/p>\n<p>Released: 0<\/p>\n","protected":false},"featured_media":3154416,"template":"","meta":{"_acf_changed":false},"product_brand":[],"product_cat":[16],"product_tag":[],"class_list":{"0":"post-13062","1":"product","2":"type-product","3":"status-publish","4":"has-post-thumbnail","6":"product_cat-jazz","8":"first","9":"instock","10":"taxable","11":"shipping-taxable","12":"purchasable","13":"product-type-simple"},"acf":[],"mb":[],"mfb_rest_fields":["title"],"_links":{"self":[{"href":"https:\/\/digelius.com\/fi\/wp-json\/wp\/v2\/product\/13062","targetHints":{"allow":["GET"]}}],"collection":[{"href":"https:\/\/digelius.com\/fi\/wp-json\/wp\/v2\/product"}],"about":[{"href":"https:\/\/digelius.com\/fi\/wp-json\/wp\/v2\/types\/product"}],"wp:featuredmedia":[{"embeddable":true,"href":"https:\/\/digelius.com\/fi\/wp-json\/wp\/v2\/media\/3154416"}],"wp:attachment":[{"href":"https:\/\/digelius.com\/fi\/wp-json\/wp\/v2\/media?parent=13062"}],"wp:term":[{"taxonomy":"product_brand","embeddable":true,"href":"https:\/\/digelius.com\/fi\/wp-json\/wp\/v2\/product_brand?post=13062"},{"taxonomy":"product_cat","embeddable":true,"href":"https:\/\/digelius.com\/fi\/wp-json\/wp\/v2\/product_cat?post=13062"},{"taxonomy":"product_tag","embeddable":true,"href":"https:\/\/digelius.com\/fi\/wp-json\/wp\/v2\/product_tag?post=13062"}],"curies":[{"name":"wp","href":"https:\/\/api.w.org\/{rel}","templated":true}]}}