{"id":13613,"date":"2023-12-21T06:27:00","date_gmt":"2023-12-21T04:27:00","guid":{"rendered":"https:\/\/digelius.qb.web-veistamo.fi\/product\/frank-jaeger-djaevelens-instrument-jaegerviser-digte\/"},"modified":"2026-02-13T23:31:47","modified_gmt":"2026-02-13T21:31:47","slug":"frank-jaeger-djaevelens-instrument-jaegerviser-digte","status":"publish","type":"product","link":"https:\/\/digelius.com\/fi\/product\/frank-jaeger-djaevelens-instrument-jaegerviser-digte\/","title":{"rendered":"Frank J\u00e6ger: Dj\u00e6velens Instrument &#8211; J\u00e6gerviser &#8211; Digte"},"content":{"rendered":"<p>Cool Danish jazz\/poetry. Vinyl seems virtually spotless, EX I&#8217;d say, and the cover is great as well with only some moderate ring\/edge wear. There is a sticker on the front with the number 164, so I&#8217;m grading it as VG only. Pickup possible at our Helsinki store (please indicate in details).<\/p>\n<p>Made in Denmark.<br \/>\nRunouts are stamped.<\/p>\n","protected":false},"excerpt":{"rendered":"<p>Media Condition: Very Good Plus (VG+)<\/p>\n<p>Sleeve Condition: Very Good (VG)<\/p>\n<p>Label: Louisiana \/ Gyldendal Grammofonplader<\/p>\n<p>Released: 1971<\/p>\n","protected":false},"featured_media":3145856,"template":"","meta":{"_acf_changed":false},"product_brand":[],"product_cat":[441,16],"product_tag":[],"class_list":{"0":"post-13613","1":"product","2":"type-product","3":"status-publish","4":"has-post-thumbnail","6":"product_cat-non-music","7":"product_cat-jazz","9":"first","10":"instock","11":"taxable","12":"shipping-taxable","13":"purchasable","14":"product-type-simple"},"acf":[],"mb":[],"mfb_rest_fields":["title"],"_links":{"self":[{"href":"https:\/\/digelius.com\/fi\/wp-json\/wp\/v2\/product\/13613","targetHints":{"allow":["GET"]}}],"collection":[{"href":"https:\/\/digelius.com\/fi\/wp-json\/wp\/v2\/product"}],"about":[{"href":"https:\/\/digelius.com\/fi\/wp-json\/wp\/v2\/types\/product"}],"wp:featuredmedia":[{"embeddable":true,"href":"https:\/\/digelius.com\/fi\/wp-json\/wp\/v2\/media\/3145856"}],"wp:attachment":[{"href":"https:\/\/digelius.com\/fi\/wp-json\/wp\/v2\/media?parent=13613"}],"wp:term":[{"taxonomy":"product_brand","embeddable":true,"href":"https:\/\/digelius.com\/fi\/wp-json\/wp\/v2\/product_brand?post=13613"},{"taxonomy":"product_cat","embeddable":true,"href":"https:\/\/digelius.com\/fi\/wp-json\/wp\/v2\/product_cat?post=13613"},{"taxonomy":"product_tag","embeddable":true,"href":"https:\/\/digelius.com\/fi\/wp-json\/wp\/v2\/product_tag?post=13613"}],"curies":[{"name":"wp","href":"https:\/\/api.w.org\/{rel}","templated":true}]}}