{"id":14121,"date":"2023-12-21T16:23:02","date_gmt":"2023-12-21T14:23:02","guid":{"rendered":"https:\/\/digelius.qb.web-veistamo.fi\/product\/splashgirl-sixth-sense\/"},"modified":"2026-02-14T09:30:57","modified_gmt":"2026-02-14T07:30:57","slug":"splashgirl-sixth-sense","status":"publish","type":"product","link":"https:\/\/digelius.com\/fi\/product\/splashgirl-sixth-sense\/","title":{"rendered":"Splashgirl: Sixth Sense"},"content":{"rendered":"<p>New copy. Pickup possible in Helsinki (please indicate in details).<\/p>\n<p>Recorded at Hljo\u00f0riti, Hafnarfj\u00f6r\u00f0ur, Iceland, January 2015 and at Kennel Collective, Oslo, January 2017.<br \/>\nMixed at Amper Tone, Oslo, March 2017.<br \/>\nMastered at Tinnitus Mastering, Oslo, October 2017.<br \/>\n(p) &amp; (c) Grappa Musikkforlag AS 2018<\/p>\n","protected":false},"excerpt":{"rendered":"<p>Media Condition: Mint (M)<\/p>\n<p>Sleeve Condition: Mint (M)<\/p>\n<p>Label: Hubro<\/p>\n<p>Released: 2018<\/p>\n","protected":false},"featured_media":3145713,"template":"","meta":{"_acf_changed":false},"product_brand":[],"product_cat":[16],"product_tag":[],"class_list":{"0":"post-14121","1":"product","2":"type-product","3":"status-publish","4":"has-post-thumbnail","6":"product_cat-jazz","8":"first","9":"instock","10":"taxable","11":"shipping-taxable","12":"purchasable","13":"product-type-simple"},"acf":[],"mb":[],"mfb_rest_fields":["title"],"_links":{"self":[{"href":"https:\/\/digelius.com\/fi\/wp-json\/wp\/v2\/product\/14121","targetHints":{"allow":["GET"]}}],"collection":[{"href":"https:\/\/digelius.com\/fi\/wp-json\/wp\/v2\/product"}],"about":[{"href":"https:\/\/digelius.com\/fi\/wp-json\/wp\/v2\/types\/product"}],"wp:featuredmedia":[{"embeddable":true,"href":"https:\/\/digelius.com\/fi\/wp-json\/wp\/v2\/media\/3145713"}],"wp:attachment":[{"href":"https:\/\/digelius.com\/fi\/wp-json\/wp\/v2\/media?parent=14121"}],"wp:term":[{"taxonomy":"product_brand","embeddable":true,"href":"https:\/\/digelius.com\/fi\/wp-json\/wp\/v2\/product_brand?post=14121"},{"taxonomy":"product_cat","embeddable":true,"href":"https:\/\/digelius.com\/fi\/wp-json\/wp\/v2\/product_cat?post=14121"},{"taxonomy":"product_tag","embeddable":true,"href":"https:\/\/digelius.com\/fi\/wp-json\/wp\/v2\/product_tag?post=14121"}],"curies":[{"name":"wp","href":"https:\/\/api.w.org\/{rel}","templated":true}]}}