{"id":14316,"date":"2023-12-22T08:16:50","date_gmt":"2023-12-22T06:16:50","guid":{"rendered":"https:\/\/digelius.qb.web-veistamo.fi\/product\/karel-krautgartner-jazzovy-orchestr-cs-rozhlasu-jazz-kolem-karla-krautgartnera\/"},"modified":"2026-02-04T06:31:30","modified_gmt":"2026-02-04T04:31:30","slug":"karel-krautgartner-jazzovy-orchestr-cs-rozhlasu-jazz-kolem-karla-krautgartnera","status":"publish","type":"product","link":"https:\/\/digelius.com\/fi\/product\/karel-krautgartner-jazzovy-orchestr-cs-rozhlasu-jazz-kolem-karla-krautgartnera\/","title":{"rendered":"Karel Krautgartner, Jazzov\u00fd Orchestr \u010cs. Rozhlasu*: Jazz Kolem Karla Krautgartnera"},"content":{"rendered":"<p>Sticker on front and general wear. Pickup possible at Digelius Music in Helsinki (by selecting the &quot;local pickup&quot; shipping option).<\/p>\n<p>Gramofonov\u00fd klub 1965<br \/>\n\u010clensk\u00e1 pr\u00e9mie<br \/>\nDV 10190 Supraphon<br \/>\nSV 9012 Supraphon<\/p>\n<p>Nahr\u00e1no ve studiu SHV Strahov dne 16. b\u0159ezna 1964 (Modely) a ve studiu Kobylisy ve dnech 25. \u00fanora \u2014 26. b\u0159ezna 1965<br \/>\n\u00a9 1965 \u2014 cover \u00a9 1965 <\/p>\n<p>Neprodejn\u00e1 pr\u00e9mie<br \/>\n\u2117 1965<br \/>\n21\u201900\u201d [A]<br \/>\n19\u201950\u201d [B]<\/p>\n<p>\u2014\u2014\u2014<br \/>\n\u201cGramofonov\u00fd klub\u201d unmerchantable member bonus.<br \/>\nIdentical sleeve for mono\/stereo version.<br \/>\nRecorded March 16, 1964 (A3), SHV (Supraphon) studio Strahov, and February 25 \u2013 March 26, 1965, studio Kobylisy, Prague. <\/p>\n<p>Also released for PZO Artia as \u201c[r2072873]\u201d, Supraphon SUA 15659, identical matrix numbers, with different cover artwork and English track titles: 31 Degrees Above Zero, Jazz Cult, Models, Out Of A Blue Sky, Ex, You Are My World, Intoxication, In The Traffic.<br \/>\nTrack A1 from original movie soundtrack \u201c31 Degrees in the Shade\u201d aka \u201cNinety in the Shade\u201d.<br \/>\nTrack title A4 on center label: \u201cZ \u010dista jasna\u201d<br \/>\nTrack B4 is a different version than on [url=http:\/\/www.discogs.com\/release\/2229609]Supraphon DV 10119[\/url].<br \/>\nTrack durations uncredited. <\/p>\n","protected":false},"excerpt":{"rendered":"<p>Media Condition: Very Good Plus (VG+)<\/p>\n<p>Sleeve Condition: Very Good Plus (VG+)<\/p>\n<p>Label: Supraphon,Gramofonov\u00fd Klub<\/p>\n<p>Released: 1965<\/p>\n","protected":false},"featured_media":3154281,"template":"","meta":{"_acf_changed":false},"product_brand":[],"product_cat":[16,142],"product_tag":[],"class_list":{"0":"post-14316","1":"product","2":"type-product","3":"status-publish","4":"has-post-thumbnail","6":"product_cat-jazz","7":"product_cat-stage-screen","9":"first","10":"instock","11":"taxable","12":"shipping-taxable","13":"purchasable","14":"product-type-simple"},"acf":[],"mb":[],"mfb_rest_fields":["title"],"_links":{"self":[{"href":"https:\/\/digelius.com\/fi\/wp-json\/wp\/v2\/product\/14316","targetHints":{"allow":["GET"]}}],"collection":[{"href":"https:\/\/digelius.com\/fi\/wp-json\/wp\/v2\/product"}],"about":[{"href":"https:\/\/digelius.com\/fi\/wp-json\/wp\/v2\/types\/product"}],"wp:featuredmedia":[{"embeddable":true,"href":"https:\/\/digelius.com\/fi\/wp-json\/wp\/v2\/media\/3154281"}],"wp:attachment":[{"href":"https:\/\/digelius.com\/fi\/wp-json\/wp\/v2\/media?parent=14316"}],"wp:term":[{"taxonomy":"product_brand","embeddable":true,"href":"https:\/\/digelius.com\/fi\/wp-json\/wp\/v2\/product_brand?post=14316"},{"taxonomy":"product_cat","embeddable":true,"href":"https:\/\/digelius.com\/fi\/wp-json\/wp\/v2\/product_cat?post=14316"},{"taxonomy":"product_tag","embeddable":true,"href":"https:\/\/digelius.com\/fi\/wp-json\/wp\/v2\/product_tag?post=14316"}],"curies":[{"name":"wp","href":"https:\/\/api.w.org\/{rel}","templated":true}]}}