{"id":155478,"date":"2024-01-30T16:03:44","date_gmt":"2024-01-30T14:03:44","guid":{"rendered":"https:\/\/digelius.com\/product\/leos-janacek-peter-keller-9-clara-wirz-mario-venzago-hansruedi-willisegger-journal-dun-disparu\/"},"modified":"2026-02-03T04:30:59","modified_gmt":"2026-02-03T02:30:59","slug":"leos-janacek-peter-keller-9-clara-wirz-mario-venzago-hansruedi-willisegger-journal-dun-disparu","status":"publish","type":"product","link":"https:\/\/digelius.com\/fi\/product\/leos-janacek-peter-keller-9-clara-wirz-mario-venzago-hansruedi-willisegger-journal-dun-disparu\/","title":{"rendered":"Leo\u0161 Jan\u00e1\u010dek, Peter Keller (9), Clara Wirz, Mario Venzago, Hansruedi Willisegger: Journal D&#8217;un Disparu"},"content":{"rendered":"<p>Pickup possible at Digelius Music in Helsinki (by selecting the &quot;local pickup&quot; shipping option).<\/p>\n<p>Reissue on CD in 1985 as a compilation : [r24098897]<\/p>\n","protected":false},"excerpt":{"rendered":"<p>Media Condition: Very Good Plus (VG+)<\/p>\n<p>Sleeve Condition: Very Good Plus (VG+)<\/p>\n<p>Label: Accord<\/p>\n<p>Released: 1979<\/p>\n","protected":false},"featured_media":3153108,"template":"","meta":{"_acf_changed":false},"product_brand":[],"product_cat":[23],"product_tag":[],"class_list":{"0":"post-155478","1":"product","2":"type-product","3":"status-publish","4":"has-post-thumbnail","6":"product_cat-classical","8":"first","9":"instock","10":"taxable","11":"shipping-taxable","12":"purchasable","13":"product-type-simple"},"acf":[],"mb":[],"mfb_rest_fields":["title"],"_links":{"self":[{"href":"https:\/\/digelius.com\/fi\/wp-json\/wp\/v2\/product\/155478","targetHints":{"allow":["GET"]}}],"collection":[{"href":"https:\/\/digelius.com\/fi\/wp-json\/wp\/v2\/product"}],"about":[{"href":"https:\/\/digelius.com\/fi\/wp-json\/wp\/v2\/types\/product"}],"wp:featuredmedia":[{"embeddable":true,"href":"https:\/\/digelius.com\/fi\/wp-json\/wp\/v2\/media\/3153108"}],"wp:attachment":[{"href":"https:\/\/digelius.com\/fi\/wp-json\/wp\/v2\/media?parent=155478"}],"wp:term":[{"taxonomy":"product_brand","embeddable":true,"href":"https:\/\/digelius.com\/fi\/wp-json\/wp\/v2\/product_brand?post=155478"},{"taxonomy":"product_cat","embeddable":true,"href":"https:\/\/digelius.com\/fi\/wp-json\/wp\/v2\/product_cat?post=155478"},{"taxonomy":"product_tag","embeddable":true,"href":"https:\/\/digelius.com\/fi\/wp-json\/wp\/v2\/product_tag?post=155478"}],"curies":[{"name":"wp","href":"https:\/\/api.w.org\/{rel}","templated":true}]}}