{"id":155517,"date":"2024-01-30T16:14:34","date_gmt":"2024-01-30T14:14:34","guid":{"rendered":"https:\/\/digelius.com\/product\/ravel-gerard-souzay-cinq-melodies-populaires-grecques-epigrammes-de-clement-marot-histoires-naturelles-chansons-madecasses-deux-melodies-hebraiques-don-quichotte-a-dulcinee\/"},"modified":"2025-01-16T18:44:05","modified_gmt":"2025-01-16T16:44:05","slug":"ravel-gerard-souzay-cinq-melodies-populaires-grecques-epigrammes-de-clement-marot-histoires-naturelles-chansons-madecasses-deux-melodies-hebraiques-don-quichotte-a-dulcinee","status":"publish","type":"product","link":"https:\/\/digelius.com\/fi\/product\/ravel-gerard-souzay-cinq-melodies-populaires-grecques-epigrammes-de-clement-marot-histoires-naturelles-chansons-madecasses-deux-melodies-hebraiques-don-quichotte-a-dulcinee\/","title":{"rendered":"Ravel*, G\u00e9rard Souzay: Cinq M\u00e9lodies Populaires Grecques \/ Epigrammes De Cl\u00e9ment Marot \/ Histoires Naturelles \/ Chansons Mad\u00e9casses \/ Deux M\u00e9lodies H\u00e9bra\u00efques \/ Don Quichotte \u00c0 Dulcin\u00e9e"},"content":{"rendered":"<p>Pickup possible at Digelius Music in Helsinki (by selecting the &quot;local pickup&quot; shipping option).<\/p><\/p>\n","protected":false},"excerpt":{"rendered":"<p>Media Condition: Near Mint (NM or M-)<\/p>\n<p>Sleeve Condition: Very Good Plus (VG+)<\/p>\n<p>Label: Philips<\/p>\n<p>Released: 1970<\/p>\n","protected":false},"featured_media":3153096,"template":"","meta":{"_acf_changed":false},"product_brand":[],"product_cat":[23,93],"product_tag":[],"class_list":{"0":"post-155517","1":"product","2":"type-product","3":"status-publish","4":"has-post-thumbnail","6":"product_cat-classical","7":"product_cat-classical-fi","9":"first","10":"instock","11":"taxable","12":"shipping-taxable","13":"purchasable","14":"product-type-simple"},"acf":[],"mb":[],"mfb_rest_fields":["title"],"_links":{"self":[{"href":"https:\/\/digelius.com\/fi\/wp-json\/wp\/v2\/product\/155517","targetHints":{"allow":["GET"]}}],"collection":[{"href":"https:\/\/digelius.com\/fi\/wp-json\/wp\/v2\/product"}],"about":[{"href":"https:\/\/digelius.com\/fi\/wp-json\/wp\/v2\/types\/product"}],"wp:featuredmedia":[{"embeddable":true,"href":"https:\/\/digelius.com\/fi\/wp-json\/wp\/v2\/media\/3153096"}],"wp:attachment":[{"href":"https:\/\/digelius.com\/fi\/wp-json\/wp\/v2\/media?parent=155517"}],"wp:term":[{"taxonomy":"product_brand","embeddable":true,"href":"https:\/\/digelius.com\/fi\/wp-json\/wp\/v2\/product_brand?post=155517"},{"taxonomy":"product_cat","embeddable":true,"href":"https:\/\/digelius.com\/fi\/wp-json\/wp\/v2\/product_cat?post=155517"},{"taxonomy":"product_tag","embeddable":true,"href":"https:\/\/digelius.com\/fi\/wp-json\/wp\/v2\/product_tag?post=155517"}],"curies":[{"name":"wp","href":"https:\/\/api.w.org\/{rel}","templated":true}]}}