{"id":155559,"date":"2024-01-30T16:28:54","date_gmt":"2024-01-30T14:28:54","guid":{"rendered":"https:\/\/digelius.com\/product\/jean-sibelius-ylioppilaskunnan-laulajat-conductor-matti-hyokki-mieskuorolaulut-songs-for-male-voice-choir-sangerna-for-manskor-complete-edition\/"},"modified":"2026-02-03T05:01:13","modified_gmt":"2026-02-03T03:01:13","slug":"jean-sibelius-ylioppilaskunnan-laulajat-conductor-matti-hyokki-mieskuorolaulut-songs-for-male-voice-choir-sangerna-for-manskor-complete-edition","status":"publish","type":"product","link":"https:\/\/digelius.com\/fi\/product\/jean-sibelius-ylioppilaskunnan-laulajat-conductor-matti-hyokki-mieskuorolaulut-songs-for-male-voice-choir-sangerna-for-manskor-complete-edition\/","title":{"rendered":"Jean Sibelius, The Helsinki University Chorus*, Matti Hy\u00f6kki: Mieskuorolaulut = Songs For Male Voice Choir = S\u00e5ngerna F\u00f6r Mansk\u00f6r (Complete Edition)"},"content":{"rendered":"<p>Has signature on the top cover. Vinyls looks amazing. Pickup possible at Digelius Music in Helsinki (by selecting the &quot;local pickup&quot; shipping option).<\/p>\n<p>Includes 2 inserts- 1 with photos in black &amp; white &amp; an 8 page document with notes in Finnish, English &amp; Swedish-texts in Finnish &amp; English<br \/>\nAn abridged version is available on CD with catalog # FACD 205 S<br \/>\nRunouts etched, 2 discs in single standard sleeve<br \/>\nRecorded December 1984 to September 1986<\/p>\n","protected":false},"excerpt":{"rendered":"<p>Media Condition: Near Mint (NM or M-)<\/p>\n<p>Sleeve Condition: Very Good Plus (VG+)<\/p>\n<p>Label: Finlandia Records<\/p>\n<p>Released: 1987<\/p>\n","protected":false},"featured_media":3153084,"template":"","meta":{"_acf_changed":false},"product_brand":[],"product_cat":[23],"product_tag":[],"class_list":{"0":"post-155559","1":"product","2":"type-product","3":"status-publish","4":"has-post-thumbnail","6":"product_cat-classical","8":"first","9":"instock","10":"taxable","11":"shipping-taxable","12":"purchasable","13":"product-type-simple"},"acf":[],"mb":[],"mfb_rest_fields":["title"],"_links":{"self":[{"href":"https:\/\/digelius.com\/fi\/wp-json\/wp\/v2\/product\/155559","targetHints":{"allow":["GET"]}}],"collection":[{"href":"https:\/\/digelius.com\/fi\/wp-json\/wp\/v2\/product"}],"about":[{"href":"https:\/\/digelius.com\/fi\/wp-json\/wp\/v2\/types\/product"}],"wp:featuredmedia":[{"embeddable":true,"href":"https:\/\/digelius.com\/fi\/wp-json\/wp\/v2\/media\/3153084"}],"wp:attachment":[{"href":"https:\/\/digelius.com\/fi\/wp-json\/wp\/v2\/media?parent=155559"}],"wp:term":[{"taxonomy":"product_brand","embeddable":true,"href":"https:\/\/digelius.com\/fi\/wp-json\/wp\/v2\/product_brand?post=155559"},{"taxonomy":"product_cat","embeddable":true,"href":"https:\/\/digelius.com\/fi\/wp-json\/wp\/v2\/product_cat?post=155559"},{"taxonomy":"product_tag","embeddable":true,"href":"https:\/\/digelius.com\/fi\/wp-json\/wp\/v2\/product_tag?post=155559"}],"curies":[{"name":"wp","href":"https:\/\/api.w.org\/{rel}","templated":true}]}}