{"id":15713,"date":"2023-12-23T02:13:59","date_gmt":"2023-12-23T00:13:59","guid":{"rendered":"https:\/\/digelius.qb.web-veistamo.fi\/product\/kari-tapiiri-maailma-taynna-ihmeita\/"},"modified":"2026-02-04T23:30:57","modified_gmt":"2026-02-04T21:30:57","slug":"kari-tapiiri-maailma-taynna-ihmeita","status":"publish","type":"product","link":"https:\/\/digelius.com\/fi\/product\/kari-tapiiri-maailma-taynna-ihmeita\/","title":{"rendered":"Kari Tapiiri: Maailma T\u00e4ynn\u00e4 Ihmeit\u00e4"},"content":{"rendered":"<p>New copy. Pickup possible at Digelius Music in Helsinki (by selecting the &quot;local pickup&quot; shipping option).<\/p><\/p>\n","protected":false},"excerpt":{"rendered":"<p>Media Condition: Mint (M)<\/p>\n<p>Sleeve Condition: Mint (M)<\/p>\n<p>Label: Helmi Levyt<\/p>\n<p>Released: 2023<\/p>\n","protected":false},"featured_media":3154209,"template":"","meta":{"_acf_changed":false},"product_brand":[],"product_cat":[31,92,98,27],"product_tag":[],"class_list":{"0":"post-15713","1":"product","2":"type-product","3":"status-publish","4":"has-post-thumbnail","6":"product_cat-folk-world-country","7":"product_cat-folk-world-country-fi","8":"product_cat-rock-fi","9":"product_cat-rock","11":"first","12":"instock","13":"taxable","14":"shipping-taxable","15":"purchasable","16":"product-type-simple"},"acf":[],"mb":[],"mfb_rest_fields":["title"],"_links":{"self":[{"href":"https:\/\/digelius.com\/fi\/wp-json\/wp\/v2\/product\/15713","targetHints":{"allow":["GET"]}}],"collection":[{"href":"https:\/\/digelius.com\/fi\/wp-json\/wp\/v2\/product"}],"about":[{"href":"https:\/\/digelius.com\/fi\/wp-json\/wp\/v2\/types\/product"}],"wp:featuredmedia":[{"embeddable":true,"href":"https:\/\/digelius.com\/fi\/wp-json\/wp\/v2\/media\/3154209"}],"wp:attachment":[{"href":"https:\/\/digelius.com\/fi\/wp-json\/wp\/v2\/media?parent=15713"}],"wp:term":[{"taxonomy":"product_brand","embeddable":true,"href":"https:\/\/digelius.com\/fi\/wp-json\/wp\/v2\/product_brand?post=15713"},{"taxonomy":"product_cat","embeddable":true,"href":"https:\/\/digelius.com\/fi\/wp-json\/wp\/v2\/product_cat?post=15713"},{"taxonomy":"product_tag","embeddable":true,"href":"https:\/\/digelius.com\/fi\/wp-json\/wp\/v2\/product_tag?post=15713"}],"curies":[{"name":"wp","href":"https:\/\/api.w.org\/{rel}","templated":true}]}}