{"id":1605903,"date":"2025-01-07T16:01:52","date_gmt":"2025-01-07T14:01:52","guid":{"rendered":"https:\/\/digelius.com\/product\/muzsikas-nem-arrol-hajnallik-amerrol-hajnallott\/"},"modified":"2026-01-29T19:01:25","modified_gmt":"2026-01-29T17:01:25","slug":"muzsikas-nem-arrol-hajnallik-amerrol-hajnallott","status":"publish","type":"product","link":"https:\/\/digelius.com\/fi\/product\/muzsikas-nem-arrol-hajnallik-amerrol-hajnallott\/","title":{"rendered":"Muzsik\u00e1s: Nem Arr\u00f3l Hajnallik, Amerr\u0151l Hajnallott&#8230;"},"content":{"rendered":"<\/p>\n<p>Issued in non-gatefold sleeve and a 2-page insert with texts in Hungarian and English.<br \/>\nEgyetemi nyomda (printing) is identified by encircled E NY logo at bottom right corner of back cover.<br \/>\nCredits are in Hungarian and English, and use Western name order, this submission uses same name order.<\/p>\n","protected":false},"excerpt":{"rendered":"<p>Media Condition: Very Good Plus (VG+)<\/p>\n<p>Sleeve Condition: Very Good Plus (VG+)<\/p>\n<p>Label: Hungaroton<\/p>\n<p>Released: 1986<\/p>\n","protected":false},"featured_media":3150598,"template":"","meta":{"_acf_changed":false},"product_brand":[],"product_cat":[31],"product_tag":[],"class_list":{"0":"post-1605903","1":"product","2":"type-product","3":"status-publish","4":"has-post-thumbnail","6":"product_cat-folk-world-country","8":"first","9":"instock","10":"taxable","11":"shipping-taxable","12":"purchasable","13":"product-type-simple"},"acf":[],"mb":[],"mfb_rest_fields":["title"],"_links":{"self":[{"href":"https:\/\/digelius.com\/fi\/wp-json\/wp\/v2\/product\/1605903","targetHints":{"allow":["GET"]}}],"collection":[{"href":"https:\/\/digelius.com\/fi\/wp-json\/wp\/v2\/product"}],"about":[{"href":"https:\/\/digelius.com\/fi\/wp-json\/wp\/v2\/types\/product"}],"wp:featuredmedia":[{"embeddable":true,"href":"https:\/\/digelius.com\/fi\/wp-json\/wp\/v2\/media\/3150598"}],"wp:attachment":[{"href":"https:\/\/digelius.com\/fi\/wp-json\/wp\/v2\/media?parent=1605903"}],"wp:term":[{"taxonomy":"product_brand","embeddable":true,"href":"https:\/\/digelius.com\/fi\/wp-json\/wp\/v2\/product_brand?post=1605903"},{"taxonomy":"product_cat","embeddable":true,"href":"https:\/\/digelius.com\/fi\/wp-json\/wp\/v2\/product_cat?post=1605903"},{"taxonomy":"product_tag","embeddable":true,"href":"https:\/\/digelius.com\/fi\/wp-json\/wp\/v2\/product_tag?post=1605903"}],"curies":[{"name":"wp","href":"https:\/\/api.w.org\/{rel}","templated":true}]}}