{"id":160626,"date":"2024-02-07T07:08:35","date_gmt":"2024-02-07T05:08:35","guid":{"rendered":"https:\/\/digelius.com\/product\/various-islensk-althydulog-icelandic-folk-songs\/"},"modified":"2025-01-16T18:44:09","modified_gmt":"2025-01-16T16:44:09","slug":"various-islensk-althydulog-icelandic-folk-songs","status":"publish","type":"product","link":"https:\/\/digelius.com\/fi\/product\/various-islensk-althydulog-icelandic-folk-songs\/","title":{"rendered":"Various: \u00cdslensk Al\u00fe\u00fd\u00f0ul\u00f6g = Icelandic Folk Songs"},"content":{"rendered":"<p>EX record. Pickup possible at Digelius Music in Helsinki (by selecting the &quot;local pickup&quot; shipping option).<\/p>\n<p>\u00cdslensk Al\u00fe\u00fd\u00f0ul\u00f6g = Icelandic Folk Songs. Released in a gatefold cover.<\/p>\n","protected":false},"excerpt":{"rendered":"<p>Media Condition: Very Good Plus (VG+)<\/p>\n<p>Sleeve Condition: Very Good (VG)<\/p>\n<p>Label: F\u00e1lkinn<\/p>\n<p>Released: 1982<\/p>\n","protected":false},"featured_media":3153047,"template":"","meta":{"_acf_changed":false},"product_brand":[],"product_cat":[31],"product_tag":[],"class_list":{"0":"post-160626","1":"product","2":"type-product","3":"status-publish","4":"has-post-thumbnail","6":"product_cat-folk-world-country","8":"first","9":"instock","10":"taxable","11":"shipping-taxable","12":"purchasable","13":"product-type-simple"},"acf":[],"mb":[],"mfb_rest_fields":["title"],"_links":{"self":[{"href":"https:\/\/digelius.com\/fi\/wp-json\/wp\/v2\/product\/160626","targetHints":{"allow":["GET"]}}],"collection":[{"href":"https:\/\/digelius.com\/fi\/wp-json\/wp\/v2\/product"}],"about":[{"href":"https:\/\/digelius.com\/fi\/wp-json\/wp\/v2\/types\/product"}],"wp:featuredmedia":[{"embeddable":true,"href":"https:\/\/digelius.com\/fi\/wp-json\/wp\/v2\/media\/3153047"}],"wp:attachment":[{"href":"https:\/\/digelius.com\/fi\/wp-json\/wp\/v2\/media?parent=160626"}],"wp:term":[{"taxonomy":"product_brand","embeddable":true,"href":"https:\/\/digelius.com\/fi\/wp-json\/wp\/v2\/product_brand?post=160626"},{"taxonomy":"product_cat","embeddable":true,"href":"https:\/\/digelius.com\/fi\/wp-json\/wp\/v2\/product_cat?post=160626"},{"taxonomy":"product_tag","embeddable":true,"href":"https:\/\/digelius.com\/fi\/wp-json\/wp\/v2\/product_tag?post=160626"}],"curies":[{"name":"wp","href":"https:\/\/api.w.org\/{rel}","templated":true}]}}