{"id":161109,"date":"2024-02-07T09:04:00","date_gmt":"2024-02-07T07:04:00","guid":{"rendered":"https:\/\/digelius.com\/product\/erkki-melartin-laulu-miehet-johtaja-conductor-matti-hyokki-mieskuorolaulut-a-cappella-complete-works-for-male-choir-a-cappella-samlade-verk-for-manskor-a-cappella\/"},"modified":"2026-02-03T03:01:50","modified_gmt":"2026-02-03T01:01:50","slug":"erkki-melartin-laulu-miehet-johtaja-conductor-matti-hyokki-mieskuorolaulut-a-cappella-complete-works-for-male-choir-a-cappella-samlade-verk-for-manskor-a-cappella","status":"publish","type":"product","link":"https:\/\/digelius.com\/fi\/product\/erkki-melartin-laulu-miehet-johtaja-conductor-matti-hyokki-mieskuorolaulut-a-cappella-complete-works-for-male-choir-a-cappella-samlade-verk-for-manskor-a-cappella\/","title":{"rendered":"Erkki Melartin, Laulu-Miehet Johtaja | Conductor Matti Hy\u00f6kki: Mieskuorolaulut A Cappella = Complete Works For Male Choir A Cappella = Samlade Verk F\u00f6r Mansk\u00f6r A Cappella"},"content":{"rendered":"<p>Unopened \/ new. Pickup possible at Digelius Music in Helsinki (by selecting the &quot;local pickup&quot; shipping option).<\/p>\n<p>Made in EC<\/p>\n<p>Digipak with a booklet attached<\/p>\n","protected":false},"excerpt":{"rendered":"<p>Media Condition: Mint (M)<\/p>\n<p>Sleeve Condition: Mint (M)<\/p>\n<p>Label: Alba Records<\/p>\n<p>Released: 2021<\/p>\n","protected":false},"featured_media":3152949,"template":"","meta":{"_acf_changed":false},"product_brand":[],"product_cat":[23],"product_tag":[],"class_list":{"0":"post-161109","1":"product","2":"type-product","3":"status-publish","4":"has-post-thumbnail","6":"product_cat-classical","8":"first","9":"instock","10":"taxable","11":"shipping-taxable","12":"purchasable","13":"product-type-simple"},"acf":[],"mb":[],"mfb_rest_fields":["title"],"_links":{"self":[{"href":"https:\/\/digelius.com\/fi\/wp-json\/wp\/v2\/product\/161109","targetHints":{"allow":["GET"]}}],"collection":[{"href":"https:\/\/digelius.com\/fi\/wp-json\/wp\/v2\/product"}],"about":[{"href":"https:\/\/digelius.com\/fi\/wp-json\/wp\/v2\/types\/product"}],"wp:featuredmedia":[{"embeddable":true,"href":"https:\/\/digelius.com\/fi\/wp-json\/wp\/v2\/media\/3152949"}],"wp:attachment":[{"href":"https:\/\/digelius.com\/fi\/wp-json\/wp\/v2\/media?parent=161109"}],"wp:term":[{"taxonomy":"product_brand","embeddable":true,"href":"https:\/\/digelius.com\/fi\/wp-json\/wp\/v2\/product_brand?post=161109"},{"taxonomy":"product_cat","embeddable":true,"href":"https:\/\/digelius.com\/fi\/wp-json\/wp\/v2\/product_cat?post=161109"},{"taxonomy":"product_tag","embeddable":true,"href":"https:\/\/digelius.com\/fi\/wp-json\/wp\/v2\/product_tag?post=161109"}],"curies":[{"name":"wp","href":"https:\/\/api.w.org\/{rel}","templated":true}]}}