{"id":16213,"date":"2023-12-23T07:01:37","date_gmt":"2023-12-23T05:01:37","guid":{"rendered":"https:\/\/digelius.qb.web-veistamo.fi\/product\/misirli-ahmet-akdenizli-buyuk-ustatlar-great-mediterranean-masters\/"},"modified":"2025-01-16T18:41:59","modified_gmt":"2025-01-16T16:41:59","slug":"misirli-ahmet-akdenizli-buyuk-ustatlar-great-mediterranean-masters","status":"publish","type":"product","link":"https:\/\/digelius.com\/fi\/product\/misirli-ahmet-akdenizli-buyuk-ustatlar-great-mediterranean-masters\/","title":{"rendered":"M\u0131s\u0131rl\u0131 Ahmet: Akdenizli B\u00fcy\u00fck \u00dcstatlar &#8211; Great Mediterranean Masters"},"content":{"rendered":"<p>Pickup possible at Digelius Music in Helsinki (by selecting the &quot;local pickup&quot; shipping option).<\/p>\n<p>Ethnic Percussion Music.<br \/>\nBook-like package. Hard thick cardboard cover and 56-page book with English translation on each page.<\/p>\n","protected":false},"excerpt":{"rendered":"<p>Media Condition: Near Mint (NM or M-)<\/p>\n<p>Sleeve Condition: Very Good Plus (VG+)<\/p>\n<p>Label: A.K. M\u00fczik<\/p>\n<p>Released: 2005<\/p>\n","protected":false},"featured_media":3159892,"template":"","meta":{"_acf_changed":false},"product_brand":[],"product_cat":[31,16],"product_tag":[],"class_list":{"0":"post-16213","1":"product","2":"type-product","3":"status-publish","4":"has-post-thumbnail","6":"product_cat-folk-world-country","7":"product_cat-jazz","9":"first","10":"instock","11":"taxable","12":"shipping-taxable","13":"purchasable","14":"product-type-simple"},"acf":[],"mb":[],"mfb_rest_fields":["title"],"_links":{"self":[{"href":"https:\/\/digelius.com\/fi\/wp-json\/wp\/v2\/product\/16213","targetHints":{"allow":["GET"]}}],"collection":[{"href":"https:\/\/digelius.com\/fi\/wp-json\/wp\/v2\/product"}],"about":[{"href":"https:\/\/digelius.com\/fi\/wp-json\/wp\/v2\/types\/product"}],"wp:featuredmedia":[{"embeddable":true,"href":"https:\/\/digelius.com\/fi\/wp-json\/wp\/v2\/media\/3159892"}],"wp:attachment":[{"href":"https:\/\/digelius.com\/fi\/wp-json\/wp\/v2\/media?parent=16213"}],"wp:term":[{"taxonomy":"product_brand","embeddable":true,"href":"https:\/\/digelius.com\/fi\/wp-json\/wp\/v2\/product_brand?post=16213"},{"taxonomy":"product_cat","embeddable":true,"href":"https:\/\/digelius.com\/fi\/wp-json\/wp\/v2\/product_cat?post=16213"},{"taxonomy":"product_tag","embeddable":true,"href":"https:\/\/digelius.com\/fi\/wp-json\/wp\/v2\/product_tag?post=16213"}],"curies":[{"name":"wp","href":"https:\/\/api.w.org\/{rel}","templated":true}]}}