{"id":1669475,"date":"2025-01-16T12:01:52","date_gmt":"2025-01-16T10:01:52","guid":{"rendered":"https:\/\/digelius.com\/product\/fanfare-theatre-du-loup-fanfare-theatre-du-loup\/"},"modified":"2026-01-29T01:01:30","modified_gmt":"2026-01-28T23:01:30","slug":"fanfare-theatre-du-loup-fanfare-theatre-du-loup","status":"publish","type":"product","link":"https:\/\/digelius.com\/fi\/product\/fanfare-theatre-du-loup-fanfare-theatre-du-loup\/","title":{"rendered":"Fanfare &amp; Th\u00e9\u00e2tre Du Loup*: Fanfare &amp; Th\u00e9\u00e2tre Du Loup"},"content":{"rendered":"<\/p>\n","protected":false},"excerpt":{"rendered":"<p>Media Condition: Near Mint (NM or M-)<\/p>\n<p>Sleeve Condition: Near Mint (NM or M-)<\/p>\n<p>Label: Plainisphare<\/p>\n<p>Released: 1988<\/p>\n","protected":false},"featured_media":3150454,"template":"","meta":{"_acf_changed":false},"product_brand":[],"product_cat":[17],"product_tag":[],"class_list":{"0":"post-1669475","1":"product","2":"type-product","3":"status-publish","4":"has-post-thumbnail","6":"product_cat-blues","8":"first","9":"instock","10":"taxable","11":"shipping-taxable","12":"purchasable","13":"product-type-simple"},"acf":[],"mb":[],"mfb_rest_fields":["title"],"_links":{"self":[{"href":"https:\/\/digelius.com\/fi\/wp-json\/wp\/v2\/product\/1669475","targetHints":{"allow":["GET"]}}],"collection":[{"href":"https:\/\/digelius.com\/fi\/wp-json\/wp\/v2\/product"}],"about":[{"href":"https:\/\/digelius.com\/fi\/wp-json\/wp\/v2\/types\/product"}],"wp:featuredmedia":[{"embeddable":true,"href":"https:\/\/digelius.com\/fi\/wp-json\/wp\/v2\/media\/3150454"}],"wp:attachment":[{"href":"https:\/\/digelius.com\/fi\/wp-json\/wp\/v2\/media?parent=1669475"}],"wp:term":[{"taxonomy":"product_brand","embeddable":true,"href":"https:\/\/digelius.com\/fi\/wp-json\/wp\/v2\/product_brand?post=1669475"},{"taxonomy":"product_cat","embeddable":true,"href":"https:\/\/digelius.com\/fi\/wp-json\/wp\/v2\/product_cat?post=1669475"},{"taxonomy":"product_tag","embeddable":true,"href":"https:\/\/digelius.com\/fi\/wp-json\/wp\/v2\/product_tag?post=1669475"}],"curies":[{"name":"wp","href":"https:\/\/api.w.org\/{rel}","templated":true}]}}