{"id":1669595,"date":"2025-01-16T12:21:52","date_gmt":"2025-01-16T10:21:52","guid":{"rendered":"https:\/\/digelius.com\/product\/oili-maki-olga-ajattelee-aaneen\/"},"modified":"2026-01-29T00:02:06","modified_gmt":"2026-01-28T22:02:06","slug":"oili-maki-olga-ajattelee-aaneen","status":"publish","type":"product","link":"https:\/\/digelius.com\/fi\/product\/oili-maki-olga-ajattelee-aaneen\/","title":{"rendered":"Oili M\u00e4ki: Olga Ajattelee \u00c4\u00e4neen"},"content":{"rendered":"<\/p>\n<p>Tsuurun kylv\u00f6 (nuorten seuraleikki). Filigraaninen sarja, runosikerm\u00e4 (1962). Meri 1 &#8211; 2 (1962). Rakastetulleni et\u00e4isilt\u00e4 vuorilta, sikerm\u00e4 (1973). Olga-cantiones 1 &#8211; 3 (1970)<\/p>\n","protected":false},"excerpt":{"rendered":"<p>Media Condition: Near Mint (NM or M-)<\/p>\n<p>Sleeve Condition: Very Good Plus (VG+)<\/p>\n<p>Label: Not On Label (Oili M\u00e4ki Self-released)<\/p>\n<p>Released: 1974<\/p>\n","protected":false},"featured_media":3150436,"template":"","meta":{"_acf_changed":false},"product_brand":[],"product_cat":[441,31],"product_tag":[],"class_list":{"0":"post-1669595","1":"product","2":"type-product","3":"status-publish","4":"has-post-thumbnail","6":"product_cat-non-music","7":"product_cat-folk-world-country","9":"first","10":"instock","11":"taxable","12":"shipping-taxable","13":"purchasable","14":"product-type-simple"},"acf":[],"mb":[],"mfb_rest_fields":["title"],"_links":{"self":[{"href":"https:\/\/digelius.com\/fi\/wp-json\/wp\/v2\/product\/1669595","targetHints":{"allow":["GET"]}}],"collection":[{"href":"https:\/\/digelius.com\/fi\/wp-json\/wp\/v2\/product"}],"about":[{"href":"https:\/\/digelius.com\/fi\/wp-json\/wp\/v2\/types\/product"}],"wp:featuredmedia":[{"embeddable":true,"href":"https:\/\/digelius.com\/fi\/wp-json\/wp\/v2\/media\/3150436"}],"wp:attachment":[{"href":"https:\/\/digelius.com\/fi\/wp-json\/wp\/v2\/media?parent=1669595"}],"wp:term":[{"taxonomy":"product_brand","embeddable":true,"href":"https:\/\/digelius.com\/fi\/wp-json\/wp\/v2\/product_brand?post=1669595"},{"taxonomy":"product_cat","embeddable":true,"href":"https:\/\/digelius.com\/fi\/wp-json\/wp\/v2\/product_cat?post=1669595"},{"taxonomy":"product_tag","embeddable":true,"href":"https:\/\/digelius.com\/fi\/wp-json\/wp\/v2\/product_tag?post=1669595"}],"curies":[{"name":"wp","href":"https:\/\/api.w.org\/{rel}","templated":true}]}}