{"id":16903,"date":"2023-12-23T13:50:18","date_gmt":"2023-12-23T11:50:18","guid":{"rendered":"https:\/\/digelius.qb.web-veistamo.fi\/product\/jorma-tykkylainen-jorma-tykkylainen-guitar-baroque-and-20th-century-music\/"},"modified":"2026-02-05T20:30:54","modified_gmt":"2026-02-05T18:30:54","slug":"jorma-tykkylainen-jorma-tykkylainen-guitar-baroque-and-20th-century-music","status":"publish","type":"product","link":"https:\/\/digelius.com\/fi\/product\/jorma-tykkylainen-jorma-tykkylainen-guitar-baroque-and-20th-century-music\/","title":{"rendered":"Jorma Tykkyl\u00e4inen: Jorma Tykkyl\u00e4inen, Guitar &#8211; Baroque And 20th Century Music"},"content":{"rendered":"<p>Pickup possible at Digelius Music in Helsinki (by selecting the &quot;local pickup&quot; shipping option).<\/p>\n<p>\u24c5 1987 Jorson Productions<br \/>\nPL 90, SF-50101, St. Michel, Finland<br \/>\nRecorded 15-16 June, 1987 at the Chamber Music Hall of St. Michel Music Institute, Finland<br \/>\nDIRECT METAL MASTERING<\/p>\n<p>Back cover photos by &#8221;Sipuli&#8221; and Anonymous<br \/>\nThanks to Kari, Sirpa, Jaana and all who helped<br \/>\nDedicated to the memory of Andr\u00e9s Segovia<br \/>\nJorson Productions is a registered trademark<\/p>\n<p>Publishers:<br \/>\nB1: Max Eschig<br \/>\nB2: Schott<br \/>\nB3: Panton (Revised By Milan Zelenka)<\/p>\n<p>Liner notes:<br \/>\nJorma Tykkyl\u00e4inen (b. 1958) has studied in Finland mainly with Chechoslovakian teachers \u0160t\u011bp\u00e1n Rak and Vladimir Ve\u010dtomov. He has continued his studies 1983 in Mexico City at the &#8221;Estudio De Arte Guitarristico&#8221;-school with Manuel L\u00f3pez Ramos and in semester of 1985-1986 at the Conservatory of Prague in Czechoslovakia with professor Arno\u0161t S\u00e1dlik.<br \/>\nIn 1983 Manuel L\u00f3pez Ramos wrote warmly of J.T.:<br \/>\n&#8221;I am convinced that this young musician has an enormous future in his artistic career.&#8221;<br \/>\nBesides numerous concert activities Jorma Tykkyl\u00e4inen has also worked as a guitar teacher. Concert reviewers have often described him as a strong and personal interpreter.<br \/>\nOn this record he plays a Ramirez guitar from 1975.<\/p>\n","protected":false},"excerpt":{"rendered":"<p>Media Condition: Near Mint (NM or M-)<\/p>\n<p>Sleeve Condition: Very Good Plus (VG+)<\/p>\n<p>Label: Not On Label<\/p>\n<p>Released: 1987<\/p>\n","protected":false},"featured_media":3159776,"template":"","meta":{"_acf_changed":false},"product_brand":[],"product_cat":[23],"product_tag":[],"class_list":{"0":"post-16903","1":"product","2":"type-product","3":"status-publish","4":"has-post-thumbnail","6":"product_cat-classical","8":"first","9":"instock","10":"taxable","11":"shipping-taxable","12":"purchasable","13":"product-type-simple"},"acf":[],"mb":[],"mfb_rest_fields":["title"],"_links":{"self":[{"href":"https:\/\/digelius.com\/fi\/wp-json\/wp\/v2\/product\/16903","targetHints":{"allow":["GET"]}}],"collection":[{"href":"https:\/\/digelius.com\/fi\/wp-json\/wp\/v2\/product"}],"about":[{"href":"https:\/\/digelius.com\/fi\/wp-json\/wp\/v2\/types\/product"}],"wp:featuredmedia":[{"embeddable":true,"href":"https:\/\/digelius.com\/fi\/wp-json\/wp\/v2\/media\/3159776"}],"wp:attachment":[{"href":"https:\/\/digelius.com\/fi\/wp-json\/wp\/v2\/media?parent=16903"}],"wp:term":[{"taxonomy":"product_brand","embeddable":true,"href":"https:\/\/digelius.com\/fi\/wp-json\/wp\/v2\/product_brand?post=16903"},{"taxonomy":"product_cat","embeddable":true,"href":"https:\/\/digelius.com\/fi\/wp-json\/wp\/v2\/product_cat?post=16903"},{"taxonomy":"product_tag","embeddable":true,"href":"https:\/\/digelius.com\/fi\/wp-json\/wp\/v2\/product_tag?post=16903"}],"curies":[{"name":"wp","href":"https:\/\/api.w.org\/{rel}","templated":true}]}}