{"id":1748443,"date":"2025-01-27T11:22:00","date_gmt":"2025-01-27T09:22:00","guid":{"rendered":"https:\/\/digelius.com\/product\/donald-byrd-bobby-jaspar-cannes-58\/"},"modified":"2026-01-28T19:01:22","modified_gmt":"2026-01-28T17:01:22","slug":"donald-byrd-bobby-jaspar-cannes-58","status":"publish","type":"product","link":"https:\/\/digelius.com\/fi\/product\/donald-byrd-bobby-jaspar-cannes-58\/","title":{"rendered":"Donald Byrd &amp; Bobby Jaspar: Cannes \u201858"},"content":{"rendered":"<\/p>\n<p>Comes in a resealable protective clear outer with &#8221;Sam Records&#8221; hype sticker on its front. LP has a white with black text &#8221;Sam Records&#8221; poly-lined inner sleeve. Comes with 2 monochrome photo inserts: 30cm x 30cm of Donald Byrd &amp; Bobby Jaspar; and 30cm x 60cm single fold of the five musicians taken at Cannes, July 11, 1958.<\/p>\n<p>[Sam Records website]<br \/>\nA never-before released Donald Byrd &amp; Bobby Jaspar 1958 live recordings.<br \/>\nFirst official release with the full permission and cooperation INA (Institut National de l\u2019Audiovisuel).<br \/>\nLimited edition 2000 copies.<br \/>\nDeluxe high-gloss flipback album jacket.<br \/>\nDouble insert using an original photo by JP Leloir from the concert.<\/p>\n<p>[Back cover]<br \/>\nOriginal recording producer: Andr\u00e9 Francis for ORTF (Office de Radiodiffusion-T\u00e9l\u00e9vision Fran\u00e7aise). Recorded live in Cannes during the first and only Cannes Jazz Festival, July 11, 1958.<br \/>\n(C) Sam Records, Paris, France. Original broadcasts (C) 1958 INA.<\/p>\n<p>[Side B label]<br \/>\nManufacture and distributed under licence from, and all recordings courtesy of INA (Institut National de l&#8217;Audiovisuel).<br \/>\nOriginal broadcast (P) 1958 INA (C) 2021 Sam Records, Paris, France.<\/p>\n<p>The tracklist for both sides appears on the side B label only.<\/p>\n<p>[Hype sticker]<br \/>\nLimited edition 180 grs vinyl pressed by Optimal<br \/>\nMastered from the original INA master tapes<br \/>\nCut by Kevin Gray at Cohearent Mastering.<br \/>\nPlated at Quality Record Pressings (QRP)<\/p>\n<p>Runouts are etched, with &#8221;geometric&#8221; marks &#8217;1I&#8217; being mirrored.<\/p>\n<p>Mastered At QRP stands for a Plated At role.<\/p>\n","protected":false},"excerpt":{"rendered":"<p>Media Condition: Mint (M)<\/p>\n<p>Sleeve Condition: Mint (M)<\/p>\n<p>Label: Sam Records (8),INA<\/p>\n<p>Released: 2022<\/p>\n","protected":false},"featured_media":3150300,"template":"","meta":{"_acf_changed":false},"product_brand":[],"product_cat":[16],"product_tag":[],"class_list":{"0":"post-1748443","1":"product","2":"type-product","3":"status-publish","4":"has-post-thumbnail","6":"product_cat-jazz","8":"first","9":"instock","10":"taxable","11":"shipping-taxable","12":"purchasable","13":"product-type-simple"},"acf":[],"mb":[],"mfb_rest_fields":["title"],"_links":{"self":[{"href":"https:\/\/digelius.com\/fi\/wp-json\/wp\/v2\/product\/1748443","targetHints":{"allow":["GET"]}}],"collection":[{"href":"https:\/\/digelius.com\/fi\/wp-json\/wp\/v2\/product"}],"about":[{"href":"https:\/\/digelius.com\/fi\/wp-json\/wp\/v2\/types\/product"}],"wp:featuredmedia":[{"embeddable":true,"href":"https:\/\/digelius.com\/fi\/wp-json\/wp\/v2\/media\/3150300"}],"wp:attachment":[{"href":"https:\/\/digelius.com\/fi\/wp-json\/wp\/v2\/media?parent=1748443"}],"wp:term":[{"taxonomy":"product_brand","embeddable":true,"href":"https:\/\/digelius.com\/fi\/wp-json\/wp\/v2\/product_brand?post=1748443"},{"taxonomy":"product_cat","embeddable":true,"href":"https:\/\/digelius.com\/fi\/wp-json\/wp\/v2\/product_cat?post=1748443"},{"taxonomy":"product_tag","embeddable":true,"href":"https:\/\/digelius.com\/fi\/wp-json\/wp\/v2\/product_tag?post=1748443"}],"curies":[{"name":"wp","href":"https:\/\/api.w.org\/{rel}","templated":true}]}}