{"id":1749403,"date":"2025-01-27T14:31:46","date_gmt":"2025-01-27T12:31:46","guid":{"rendered":"https:\/\/digelius.com\/product\/loisa-hamaran-sylissa\/"},"modified":"2025-11-28T10:10:20","modified_gmt":"2025-11-28T08:10:20","slug":"loisa-hamaran-sylissa","status":"publish","type":"product","link":"https:\/\/digelius.com\/fi\/product\/loisa-hamaran-sylissa\/","title":{"rendered":"Loisa: H\u00e4m\u00e4r\u00e4n Syliss\u00e4"},"content":{"rendered":"<\/p>\n<p>\u00c4\u00e4nitys: Westside, Karjaa<br \/>\nMiksaus: Soundtrack<br \/>\n\u00c4\u00e4nitys ja miksaus: Jimi Sum\u00e9n<\/p>\n<p>&#8221;Punainen polkupy\u00f6r\u00e4&#8221; ja &#8221;Jaloa kultaa&#8221;: \u00c4\u00e4nitys: Kari Kal\u00e9n\/Soundtrack, Miksaus Jorma H\u00e4m\u00e4l\u00e4inen\/MTV<\/p>\n<p>Tuotanto: Jimi Sum\u00e9n, Pekka Aarnio, Blom, LOISA<\/p>\n<p>Kansi: Jan Kaila<\/p>\n<p>Kiitokset: Mika Sairanen, puhaltimet: &#8221;Punainen plkupy\u00f6r\u00e4&#8221; ja &#8221;Jaloa kultaa&#8221;\/Rogi\/Monto\/MS-music shop.<\/p>\n","protected":false},"excerpt":{"rendered":"<p>Media Condition: Near Mint (NM or M-)<\/p>\n<p>Sleeve Condition: Very Good Plus (VG+)<\/p>\n<p>Label: Megamania<\/p>\n<p>Released: 1987<\/p>\n","protected":false},"featured_media":3150276,"template":"","meta":{"_acf_changed":false},"product_brand":[],"product_cat":[28],"product_tag":[],"class_list":{"0":"post-1749403","1":"product","2":"type-product","3":"status-publish","4":"has-post-thumbnail","6":"product_cat-pop","8":"first","9":"instock","10":"taxable","11":"shipping-taxable","12":"purchasable","13":"product-type-simple"},"acf":[],"mb":[],"mfb_rest_fields":["title"],"_links":{"self":[{"href":"https:\/\/digelius.com\/fi\/wp-json\/wp\/v2\/product\/1749403","targetHints":{"allow":["GET"]}}],"collection":[{"href":"https:\/\/digelius.com\/fi\/wp-json\/wp\/v2\/product"}],"about":[{"href":"https:\/\/digelius.com\/fi\/wp-json\/wp\/v2\/types\/product"}],"wp:featuredmedia":[{"embeddable":true,"href":"https:\/\/digelius.com\/fi\/wp-json\/wp\/v2\/media\/3150276"}],"wp:attachment":[{"href":"https:\/\/digelius.com\/fi\/wp-json\/wp\/v2\/media?parent=1749403"}],"wp:term":[{"taxonomy":"product_brand","embeddable":true,"href":"https:\/\/digelius.com\/fi\/wp-json\/wp\/v2\/product_brand?post=1749403"},{"taxonomy":"product_cat","embeddable":true,"href":"https:\/\/digelius.com\/fi\/wp-json\/wp\/v2\/product_cat?post=1749403"},{"taxonomy":"product_tag","embeddable":true,"href":"https:\/\/digelius.com\/fi\/wp-json\/wp\/v2\/product_tag?post=1749403"}],"curies":[{"name":"wp","href":"https:\/\/api.w.org\/{rel}","templated":true}]}}