{"id":1749408,"date":"2025-01-27T14:31:51","date_gmt":"2025-01-27T12:31:51","guid":{"rendered":"https:\/\/digelius.com\/product\/marjut-tynkkynen-heidi-velamo-reflections-music-for-two-accordions\/"},"modified":"2026-01-28T15:01:06","modified_gmt":"2026-01-28T13:01:06","slug":"marjut-tynkkynen-heidi-velamo-reflections-music-for-two-accordions","status":"publish","type":"product","link":"https:\/\/digelius.com\/fi\/product\/marjut-tynkkynen-heidi-velamo-reflections-music-for-two-accordions\/","title":{"rendered":"Marjut Tynkkynen, Heidi Velamo: Reflections Music For Two Accordions"},"content":{"rendered":"<\/p>\n<p>Luovan S\u00e4veltaiteen Edist\u00e4miss\u00e4\u00e4ti\u00f6 on tukenut t\u00e4m\u00e4n levyn tuotantoa.<br \/>\nThis record was produced with support from the Foundation for thr Promotion of Finnish Music.<br \/>\nSpecial thanks to the Finnish Broadcasting Company<\/p>\n","protected":false},"excerpt":{"rendered":"<p>Media Condition: Near Mint (NM or M-)<\/p>\n<p>Sleeve Condition: Very Good Plus (VG+)<\/p>\n<p>Label: Not On Label<\/p>\n<p>Released: 1987<\/p>\n","protected":false},"featured_media":3150274,"template":"","meta":{"_acf_changed":false},"product_brand":[],"product_cat":[23,31],"product_tag":[],"class_list":{"0":"post-1749408","1":"product","2":"type-product","3":"status-publish","4":"has-post-thumbnail","6":"product_cat-classical","7":"product_cat-folk-world-country","9":"first","10":"instock","11":"taxable","12":"shipping-taxable","13":"purchasable","14":"product-type-simple"},"acf":[],"mb":[],"mfb_rest_fields":["title"],"_links":{"self":[{"href":"https:\/\/digelius.com\/fi\/wp-json\/wp\/v2\/product\/1749408","targetHints":{"allow":["GET"]}}],"collection":[{"href":"https:\/\/digelius.com\/fi\/wp-json\/wp\/v2\/product"}],"about":[{"href":"https:\/\/digelius.com\/fi\/wp-json\/wp\/v2\/types\/product"}],"wp:featuredmedia":[{"embeddable":true,"href":"https:\/\/digelius.com\/fi\/wp-json\/wp\/v2\/media\/3150274"}],"wp:attachment":[{"href":"https:\/\/digelius.com\/fi\/wp-json\/wp\/v2\/media?parent=1749408"}],"wp:term":[{"taxonomy":"product_brand","embeddable":true,"href":"https:\/\/digelius.com\/fi\/wp-json\/wp\/v2\/product_brand?post=1749408"},{"taxonomy":"product_cat","embeddable":true,"href":"https:\/\/digelius.com\/fi\/wp-json\/wp\/v2\/product_cat?post=1749408"},{"taxonomy":"product_tag","embeddable":true,"href":"https:\/\/digelius.com\/fi\/wp-json\/wp\/v2\/product_tag?post=1749408"}],"curies":[{"name":"wp","href":"https:\/\/api.w.org\/{rel}","templated":true}]}}