{"id":1749747,"date":"2025-01-27T15:31:50","date_gmt":"2025-01-27T13:31:50","guid":{"rendered":"https:\/\/digelius.com\/product\/carmina-burana-el-telar-de-la-locura\/"},"modified":"2026-01-28T17:30:59","modified_gmt":"2026-01-28T15:30:59","slug":"carmina-burana-el-telar-de-la-locura","status":"publish","type":"product","link":"https:\/\/digelius.com\/fi\/product\/carmina-burana-el-telar-de-la-locura\/","title":{"rendered":"Carmina Burana: El Telar De La Locura"},"content":{"rendered":"<p>Some water damage on the outer sleeve.<\/p>\n<p>Grabado en TRAK &#8211; Agosto &#8217;85<br \/>\nAlfonso colabor\u00f3 con la interpretaci\u00f3n ante el piano de cola, y Eugenio manej\u00f3 el ordenador.<\/p>\n","protected":false},"excerpt":{"rendered":"<p>Media Condition: Near Mint (NM or M-)<\/p>\n<p>Sleeve Condition: Very Good (VG)<\/p>\n<p>Label: Producciones Twins<\/p>\n<p>Released: 1985<\/p>\n","protected":false},"featured_media":3150232,"template":"","meta":{"_acf_changed":false},"product_brand":[],"product_cat":[22,27],"product_tag":[],"class_list":{"0":"post-1749747","1":"product","2":"type-product","3":"status-publish","4":"has-post-thumbnail","6":"product_cat-electronic","7":"product_cat-rock","9":"first","10":"instock","11":"taxable","12":"shipping-taxable","13":"purchasable","14":"product-type-simple"},"acf":[],"mb":[],"mfb_rest_fields":["title"],"_links":{"self":[{"href":"https:\/\/digelius.com\/fi\/wp-json\/wp\/v2\/product\/1749747","targetHints":{"allow":["GET"]}}],"collection":[{"href":"https:\/\/digelius.com\/fi\/wp-json\/wp\/v2\/product"}],"about":[{"href":"https:\/\/digelius.com\/fi\/wp-json\/wp\/v2\/types\/product"}],"wp:featuredmedia":[{"embeddable":true,"href":"https:\/\/digelius.com\/fi\/wp-json\/wp\/v2\/media\/3150232"}],"wp:attachment":[{"href":"https:\/\/digelius.com\/fi\/wp-json\/wp\/v2\/media?parent=1749747"}],"wp:term":[{"taxonomy":"product_brand","embeddable":true,"href":"https:\/\/digelius.com\/fi\/wp-json\/wp\/v2\/product_brand?post=1749747"},{"taxonomy":"product_cat","embeddable":true,"href":"https:\/\/digelius.com\/fi\/wp-json\/wp\/v2\/product_cat?post=1749747"},{"taxonomy":"product_tag","embeddable":true,"href":"https:\/\/digelius.com\/fi\/wp-json\/wp\/v2\/product_tag?post=1749747"}],"curies":[{"name":"wp","href":"https:\/\/api.w.org\/{rel}","templated":true}]}}