{"id":175393,"date":"2024-02-20T14:25:07","date_gmt":"2024-02-20T12:25:07","guid":{"rendered":"https:\/\/digelius.com\/product\/vesa-matti-loiri-ivalo\/"},"modified":"2026-02-02T14:31:02","modified_gmt":"2026-02-02T12:31:02","slug":"vesa-matti-loiri-ivalo","status":"publish","type":"product","link":"https:\/\/digelius.com\/fi\/product\/vesa-matti-loiri-ivalo\/","title":{"rendered":"Vesa-Matti Loiri: Ivalo"},"content":{"rendered":"<p>EX\/EX. Pickup possible at Digelius Music in Helsinki (by selecting the &quot;local pickup&quot; shipping option).<\/p>\n<p>&#8221;T\u00e4ll\u00e4 levyll\u00e4 haluan kunnioittaa suomalaista rock- ja pop-runoutta!&#8221;<br \/>\nVesa-Matti Loiri<\/p>\n","protected":false},"excerpt":{"rendered":"<p>Media Condition: Very Good Plus (VG+)<\/p>\n<p>Sleeve Condition: Very Good Plus (VG+)<\/p>\n<p>Label: WEA<\/p>\n<p>Released: 2006<\/p>\n","protected":false},"featured_media":3152923,"template":"","meta":{"_acf_changed":false},"product_brand":[],"product_cat":[28,27],"product_tag":[],"class_list":{"0":"post-175393","1":"product","2":"type-product","3":"status-publish","4":"has-post-thumbnail","6":"product_cat-pop","7":"product_cat-rock","9":"first","10":"instock","11":"taxable","12":"shipping-taxable","13":"purchasable","14":"product-type-simple"},"acf":[],"mb":[],"mfb_rest_fields":["title"],"_links":{"self":[{"href":"https:\/\/digelius.com\/fi\/wp-json\/wp\/v2\/product\/175393","targetHints":{"allow":["GET"]}}],"collection":[{"href":"https:\/\/digelius.com\/fi\/wp-json\/wp\/v2\/product"}],"about":[{"href":"https:\/\/digelius.com\/fi\/wp-json\/wp\/v2\/types\/product"}],"wp:featuredmedia":[{"embeddable":true,"href":"https:\/\/digelius.com\/fi\/wp-json\/wp\/v2\/media\/3152923"}],"wp:attachment":[{"href":"https:\/\/digelius.com\/fi\/wp-json\/wp\/v2\/media?parent=175393"}],"wp:term":[{"taxonomy":"product_brand","embeddable":true,"href":"https:\/\/digelius.com\/fi\/wp-json\/wp\/v2\/product_brand?post=175393"},{"taxonomy":"product_cat","embeddable":true,"href":"https:\/\/digelius.com\/fi\/wp-json\/wp\/v2\/product_cat?post=175393"},{"taxonomy":"product_tag","embeddable":true,"href":"https:\/\/digelius.com\/fi\/wp-json\/wp\/v2\/product_tag?post=175393"}],"curies":[{"name":"wp","href":"https:\/\/api.w.org\/{rel}","templated":true}]}}