{"id":176049,"date":"2024-02-20T15:53:03","date_gmt":"2024-02-20T13:53:03","guid":{"rendered":"https:\/\/digelius.com\/product\/tom-wentzel-kantelettaren-lauluja-miehen-elamasta\/"},"modified":"2026-02-02T15:31:01","modified_gmt":"2026-02-02T13:31:01","slug":"tom-wentzel-kantelettaren-lauluja-miehen-elamasta","status":"publish","type":"product","link":"https:\/\/digelius.com\/fi\/product\/tom-wentzel-kantelettaren-lauluja-miehen-elamasta\/","title":{"rendered":"Tom Wentzel: Kantelettaren Lauluja Miehen El\u00e4m\u00e4st\u00e4"},"content":{"rendered":"<p>EX\/EX in shrink. Pickup possible at Digelius Music in Helsinki (by selecting the &quot;local pickup&quot; shipping option).<\/p>\n<p>\u00a9 &amp; (p) 2005, SKS<\/p>\n<p>Digipak<\/p>\n","protected":false},"excerpt":{"rendered":"<p>Media Condition: Very Good Plus (VG+)<\/p>\n<p>Sleeve Condition: Very Good Plus (VG+)<\/p>\n<p>Label: Suomalaisen Kirjallisuuden Seura<\/p>\n<p>Released: 2005<\/p>\n","protected":false},"featured_media":3152865,"template":"","meta":{"_acf_changed":false},"product_brand":[],"product_cat":[441,31],"product_tag":[],"class_list":{"0":"post-176049","1":"product","2":"type-product","3":"status-publish","4":"has-post-thumbnail","6":"product_cat-non-music","7":"product_cat-folk-world-country","9":"first","10":"instock","11":"taxable","12":"shipping-taxable","13":"purchasable","14":"product-type-simple"},"acf":[],"mb":[],"mfb_rest_fields":["title"],"_links":{"self":[{"href":"https:\/\/digelius.com\/fi\/wp-json\/wp\/v2\/product\/176049","targetHints":{"allow":["GET"]}}],"collection":[{"href":"https:\/\/digelius.com\/fi\/wp-json\/wp\/v2\/product"}],"about":[{"href":"https:\/\/digelius.com\/fi\/wp-json\/wp\/v2\/types\/product"}],"wp:featuredmedia":[{"embeddable":true,"href":"https:\/\/digelius.com\/fi\/wp-json\/wp\/v2\/media\/3152865"}],"wp:attachment":[{"href":"https:\/\/digelius.com\/fi\/wp-json\/wp\/v2\/media?parent=176049"}],"wp:term":[{"taxonomy":"product_brand","embeddable":true,"href":"https:\/\/digelius.com\/fi\/wp-json\/wp\/v2\/product_brand?post=176049"},{"taxonomy":"product_cat","embeddable":true,"href":"https:\/\/digelius.com\/fi\/wp-json\/wp\/v2\/product_cat?post=176049"},{"taxonomy":"product_tag","embeddable":true,"href":"https:\/\/digelius.com\/fi\/wp-json\/wp\/v2\/product_tag?post=176049"}],"curies":[{"name":"wp","href":"https:\/\/api.w.org\/{rel}","templated":true}]}}