{"id":176122,"date":"2024-02-20T15:55:45","date_gmt":"2024-02-20T13:55:45","guid":{"rendered":"https:\/\/digelius.com\/product\/aulis-sallinen-jyvaskyla-sinfonia-ville-matvejeff-ralf-gothoni-chamber-music-i-viii\/"},"modified":"2026-02-02T16:01:42","modified_gmt":"2026-02-02T14:01:42","slug":"aulis-sallinen-jyvaskyla-sinfonia-ville-matvejeff-ralf-gothoni-chamber-music-i-viii","status":"publish","type":"product","link":"https:\/\/digelius.com\/fi\/product\/aulis-sallinen-jyvaskyla-sinfonia-ville-matvejeff-ralf-gothoni-chamber-music-i-viii\/","title":{"rendered":"Aulis Sallinen, Jyv\u00e4skyl\u00e4 Sinfonia, Ville Matvejeff, Ralf Goth\u00f3ni: Chamber Music I-VIII"},"content":{"rendered":"<p>EX\/EX in shrink. Pickup possible at Digelius Music in Helsinki (by selecting the &quot;local pickup&quot; shipping option).<\/p>\n<p>Sleeve notes in English and Finnish<br \/>\nCD 1 Total time [78:57]<br \/>\nCD 2 Total time [78:21]<\/p>\n","protected":false},"excerpt":{"rendered":"<p>Media Condition: Very Good Plus (VG+)<\/p>\n<p>Sleeve Condition: Very Good Plus (VG+)<\/p>\n<p>Label: Ondine<\/p>\n<p>Released: 2015<\/p>\n","protected":false},"featured_media":3152851,"template":"","meta":{"_acf_changed":false},"product_brand":[],"product_cat":[23],"product_tag":[],"class_list":{"0":"post-176122","1":"product","2":"type-product","3":"status-publish","4":"has-post-thumbnail","6":"product_cat-classical","8":"first","9":"instock","10":"taxable","11":"shipping-taxable","12":"purchasable","13":"product-type-simple"},"acf":[],"mb":[],"mfb_rest_fields":["title"],"_links":{"self":[{"href":"https:\/\/digelius.com\/fi\/wp-json\/wp\/v2\/product\/176122","targetHints":{"allow":["GET"]}}],"collection":[{"href":"https:\/\/digelius.com\/fi\/wp-json\/wp\/v2\/product"}],"about":[{"href":"https:\/\/digelius.com\/fi\/wp-json\/wp\/v2\/types\/product"}],"wp:featuredmedia":[{"embeddable":true,"href":"https:\/\/digelius.com\/fi\/wp-json\/wp\/v2\/media\/3152851"}],"wp:attachment":[{"href":"https:\/\/digelius.com\/fi\/wp-json\/wp\/v2\/media?parent=176122"}],"wp:term":[{"taxonomy":"product_brand","embeddable":true,"href":"https:\/\/digelius.com\/fi\/wp-json\/wp\/v2\/product_brand?post=176122"},{"taxonomy":"product_cat","embeddable":true,"href":"https:\/\/digelius.com\/fi\/wp-json\/wp\/v2\/product_cat?post=176122"},{"taxonomy":"product_tag","embeddable":true,"href":"https:\/\/digelius.com\/fi\/wp-json\/wp\/v2\/product_tag?post=176122"}],"curies":[{"name":"wp","href":"https:\/\/api.w.org\/{rel}","templated":true}]}}