{"id":176140,"date":"2024-02-20T15:56:07","date_gmt":"2024-02-20T13:56:07","guid":{"rendered":"https:\/\/digelius.com\/product\/john-corigliano-jaakko-kuusisto-elina-vahala-lahti-symphony-orchestra-the-red-violin\/"},"modified":"2026-02-02T16:30:55","modified_gmt":"2026-02-02T14:30:55","slug":"john-corigliano-jaakko-kuusisto-elina-vahala-lahti-symphony-orchestra-the-red-violin","status":"publish","type":"product","link":"https:\/\/digelius.com\/fi\/product\/john-corigliano-jaakko-kuusisto-elina-vahala-lahti-symphony-orchestra-the-red-violin\/","title":{"rendered":"John Corigliano, Jaakko Kuusisto, Elina V\u00e4h\u00e4l\u00e4, Lahti Symphony Orchestra: The Red Violin"},"content":{"rendered":"<p>EX\/EX in shrink. Pickup possible at Digelius Music in Helsinki (by selecting the &quot;local pickup&quot; shipping option).<\/p>\n<p>Made in the EU<\/p>\n","protected":false},"excerpt":{"rendered":"<p>Media Condition: Very Good Plus (VG+)<\/p>\n<p>Sleeve Condition: Very Good Plus (VG+)<\/p>\n<p>Label: BIS<\/p>\n<p>Released: 2013<\/p>\n","protected":false},"featured_media":3152845,"template":"","meta":{"_acf_changed":false},"product_brand":[],"product_cat":[23],"product_tag":[],"class_list":{"0":"post-176140","1":"product","2":"type-product","3":"status-publish","4":"has-post-thumbnail","6":"product_cat-classical","8":"first","9":"instock","10":"taxable","11":"shipping-taxable","12":"purchasable","13":"product-type-simple"},"acf":[],"mb":[],"mfb_rest_fields":["title"],"_links":{"self":[{"href":"https:\/\/digelius.com\/fi\/wp-json\/wp\/v2\/product\/176140","targetHints":{"allow":["GET"]}}],"collection":[{"href":"https:\/\/digelius.com\/fi\/wp-json\/wp\/v2\/product"}],"about":[{"href":"https:\/\/digelius.com\/fi\/wp-json\/wp\/v2\/types\/product"}],"wp:featuredmedia":[{"embeddable":true,"href":"https:\/\/digelius.com\/fi\/wp-json\/wp\/v2\/media\/3152845"}],"wp:attachment":[{"href":"https:\/\/digelius.com\/fi\/wp-json\/wp\/v2\/media?parent=176140"}],"wp:term":[{"taxonomy":"product_brand","embeddable":true,"href":"https:\/\/digelius.com\/fi\/wp-json\/wp\/v2\/product_brand?post=176140"},{"taxonomy":"product_cat","embeddable":true,"href":"https:\/\/digelius.com\/fi\/wp-json\/wp\/v2\/product_cat?post=176140"},{"taxonomy":"product_tag","embeddable":true,"href":"https:\/\/digelius.com\/fi\/wp-json\/wp\/v2\/product_tag?post=176140"}],"curies":[{"name":"wp","href":"https:\/\/api.w.org\/{rel}","templated":true}]}}