{"id":1772790,"date":"2025-01-30T20:24:20","date_gmt":"2025-01-30T18:24:20","guid":{"rendered":"https:\/\/digelius.com\/product\/duo-orre-sinisalo-vastasivun-kirjoituksia\/"},"modified":"2026-01-28T18:02:18","modified_gmt":"2026-01-28T16:02:18","slug":"duo-orre-sinisalo-vastasivun-kirjoituksia","status":"publish","type":"product","link":"https:\/\/digelius.com\/fi\/product\/duo-orre-sinisalo-vastasivun-kirjoituksia\/","title":{"rendered":"Duo Orre &amp; Sinisalo*: Vastasivun Kirjoituksia"},"content":{"rendered":"<\/p>\n<p>\u00c4\u00e4nitys MSL-studio Mika Sundqvist (kev\u00e4t -91)<\/p>\n","protected":false},"excerpt":{"rendered":"<p>Media Condition: Near Mint (NM or M-)<\/p>\n<p>Sleeve Condition: Near Mint (NM or M-)<\/p>\n<p>Label: Musiikki-Laiho Oy,Musiikki-Laiho Oy<\/p>\n<p>Released: 1991<\/p>\n","protected":false},"featured_media":3159249,"template":"","meta":{"_acf_changed":false},"product_brand":[],"product_cat":[28,27],"product_tag":[],"class_list":{"0":"post-1772790","1":"product","2":"type-product","3":"status-publish","4":"has-post-thumbnail","6":"product_cat-pop","7":"product_cat-rock","9":"first","10":"instock","11":"taxable","12":"shipping-taxable","13":"purchasable","14":"product-type-simple"},"acf":[],"mb":[],"mfb_rest_fields":["title"],"_links":{"self":[{"href":"https:\/\/digelius.com\/fi\/wp-json\/wp\/v2\/product\/1772790","targetHints":{"allow":["GET"]}}],"collection":[{"href":"https:\/\/digelius.com\/fi\/wp-json\/wp\/v2\/product"}],"about":[{"href":"https:\/\/digelius.com\/fi\/wp-json\/wp\/v2\/types\/product"}],"wp:featuredmedia":[{"embeddable":true,"href":"https:\/\/digelius.com\/fi\/wp-json\/wp\/v2\/media\/3159249"}],"wp:attachment":[{"href":"https:\/\/digelius.com\/fi\/wp-json\/wp\/v2\/media?parent=1772790"}],"wp:term":[{"taxonomy":"product_brand","embeddable":true,"href":"https:\/\/digelius.com\/fi\/wp-json\/wp\/v2\/product_brand?post=1772790"},{"taxonomy":"product_cat","embeddable":true,"href":"https:\/\/digelius.com\/fi\/wp-json\/wp\/v2\/product_cat?post=1772790"},{"taxonomy":"product_tag","embeddable":true,"href":"https:\/\/digelius.com\/fi\/wp-json\/wp\/v2\/product_tag?post=1772790"}],"curies":[{"name":"wp","href":"https:\/\/api.w.org\/{rel}","templated":true}]}}