{"id":1800971,"date":"2025-02-03T18:21:52","date_gmt":"2025-02-03T16:21:52","guid":{"rendered":"https:\/\/digelius.com\/product\/quilapayun-el-pueblo-unido-jamas-sera-vencido-yhtenaista-kansaa-ei-voi-koskaan-voittaa-2\/"},"modified":"2026-01-28T04:30:58","modified_gmt":"2026-01-28T02:30:58","slug":"quilapayun-el-pueblo-unido-jamas-sera-vencido-yhtenaista-kansaa-ei-voi-koskaan-voittaa-2","status":"publish","type":"product","link":"https:\/\/digelius.com\/fi\/product\/quilapayun-el-pueblo-unido-jamas-sera-vencido-yhtenaista-kansaa-ei-voi-koskaan-voittaa-2\/","title":{"rendered":"Quilapay\u00fan: El Pueblo Unido Jamas Sera Vencido, Yhten\u00e4ist\u00e4 Kansaa Ei Voi Koskaan Voittaa"},"content":{"rendered":"<\/p>\n<p>Production: Finland-Chile Association and Love Records (4)<br \/>\nRecording: Dipole, Espoo, 31.08.1973 and the Old Student House, Helsinki, 02.09.1973 and Finnvox, Helsinki<\/p>\n<p>All incomes from this album go to Chile Solidarity labor exploitation<\/p>\n<p>[Track A1: &#8221;Letter from Pablo Neruda read by Ana Gonz\u00e1lez&#8221; (Chilean actress)]<\/p>\n<p>The runouts are stamped<\/p>\n","protected":false},"excerpt":{"rendered":"<p>Media Condition: Very Good (VG)<\/p>\n<p>Sleeve Condition: Very Good Plus (VG+)<\/p>\n<p>Label: Eteenp\u00e4in! (2)<\/p>\n<p>Released: 1974<\/p>\n","protected":false},"featured_media":3159169,"template":"","meta":{"_acf_changed":false},"product_brand":[],"product_cat":[31,135],"product_tag":[],"class_list":{"0":"post-1800971","1":"product","2":"type-product","3":"status-publish","4":"has-post-thumbnail","6":"product_cat-folk-world-country","7":"product_cat-latin","9":"first","10":"instock","11":"taxable","12":"shipping-taxable","13":"purchasable","14":"product-type-simple"},"acf":[],"mb":[],"mfb_rest_fields":["title"],"_links":{"self":[{"href":"https:\/\/digelius.com\/fi\/wp-json\/wp\/v2\/product\/1800971","targetHints":{"allow":["GET"]}}],"collection":[{"href":"https:\/\/digelius.com\/fi\/wp-json\/wp\/v2\/product"}],"about":[{"href":"https:\/\/digelius.com\/fi\/wp-json\/wp\/v2\/types\/product"}],"wp:featuredmedia":[{"embeddable":true,"href":"https:\/\/digelius.com\/fi\/wp-json\/wp\/v2\/media\/3159169"}],"wp:attachment":[{"href":"https:\/\/digelius.com\/fi\/wp-json\/wp\/v2\/media?parent=1800971"}],"wp:term":[{"taxonomy":"product_brand","embeddable":true,"href":"https:\/\/digelius.com\/fi\/wp-json\/wp\/v2\/product_brand?post=1800971"},{"taxonomy":"product_cat","embeddable":true,"href":"https:\/\/digelius.com\/fi\/wp-json\/wp\/v2\/product_cat?post=1800971"},{"taxonomy":"product_tag","embeddable":true,"href":"https:\/\/digelius.com\/fi\/wp-json\/wp\/v2\/product_tag?post=1800971"}],"curies":[{"name":"wp","href":"https:\/\/api.w.org\/{rel}","templated":true}]}}