{"id":1824869,"date":"2025-02-07T01:56:57","date_gmt":"2025-02-06T23:56:57","guid":{"rendered":"https:\/\/digelius.com\/product\/rubber-soul-quartet-featuring-stina-stenerud-taxman\/"},"modified":"2026-01-28T09:01:58","modified_gmt":"2026-01-28T07:01:58","slug":"rubber-soul-quartet-featuring-stina-stenerud-taxman","status":"publish","type":"product","link":"https:\/\/digelius.com\/fi\/product\/rubber-soul-quartet-featuring-stina-stenerud-taxman\/","title":{"rendered":"Rubber Soul Quartet Featuring Stina Stenerud: Taxman"},"content":{"rendered":"<\/p>\n<p>3: Arranged by [&#8230;] and inspired by [a12633]<br \/>\n6: Adapted by [&#8230;] and inspired by [a5805983] ([a2336009], [a3281506], [a7310561])<br \/>\n8: Arranged by [&#8230;] and inspired by [a84795]<\/p>\n<p>\u00a9 Northern Songs \/ ATV Music \/ ATV Music Publishing Scandinavia \/ Sony<\/p>\n<p>Thanks to: Dag Erik Johansen, Jens Fossum, Frode Berg, Odd Gjelsnes, Christian Coucheron, Erik J\u00f8kling, Thomas Holter, \u00d8istein Rian, Elin Bj\u00f8rnnes, Majken Christiansen, Maiken Holdahl Jakobsen, and our most appreciated families.<\/p>\n<p>Total time 45:56<\/p>\n<p>Recorded February 16\u201319, 2024 by [&#8230;] at Athletic Sound, Halden, Norway<br \/>\nAdditional recordings March, 2024 by [&#8230;]<br \/>\nMixed August 2024 by [&#8230;]<br \/>\nMastered August 2024 by [&#8230;] at Your Sound Mastering, Spikkestad, Norway<\/p>\n<p>Partly funded by Fond for ut\u00f8vende kunstnere<\/p>\n<p>\u00a9 2024 Losen Records<br \/>\nMade in EU.<\/p>\n","protected":false},"excerpt":{"rendered":"<p>Media Condition: Near Mint (NM or M-)<\/p>\n<p>Sleeve Condition: Near Mint (NM or M-)<\/p>\n<p>Label: Losen Records<\/p>\n<p>Released: 2024<\/p>\n","protected":false},"featured_media":3159121,"template":"","meta":{"_acf_changed":false},"product_brand":[],"product_cat":[16],"product_tag":[],"class_list":{"0":"post-1824869","1":"product","2":"type-product","3":"status-publish","4":"has-post-thumbnail","6":"product_cat-jazz","8":"first","9":"instock","10":"taxable","11":"shipping-taxable","12":"purchasable","13":"product-type-simple"},"acf":[],"mb":[],"mfb_rest_fields":["title"],"_links":{"self":[{"href":"https:\/\/digelius.com\/fi\/wp-json\/wp\/v2\/product\/1824869","targetHints":{"allow":["GET"]}}],"collection":[{"href":"https:\/\/digelius.com\/fi\/wp-json\/wp\/v2\/product"}],"about":[{"href":"https:\/\/digelius.com\/fi\/wp-json\/wp\/v2\/types\/product"}],"wp:featuredmedia":[{"embeddable":true,"href":"https:\/\/digelius.com\/fi\/wp-json\/wp\/v2\/media\/3159121"}],"wp:attachment":[{"href":"https:\/\/digelius.com\/fi\/wp-json\/wp\/v2\/media?parent=1824869"}],"wp:term":[{"taxonomy":"product_brand","embeddable":true,"href":"https:\/\/digelius.com\/fi\/wp-json\/wp\/v2\/product_brand?post=1824869"},{"taxonomy":"product_cat","embeddable":true,"href":"https:\/\/digelius.com\/fi\/wp-json\/wp\/v2\/product_cat?post=1824869"},{"taxonomy":"product_tag","embeddable":true,"href":"https:\/\/digelius.com\/fi\/wp-json\/wp\/v2\/product_tag?post=1824869"}],"curies":[{"name":"wp","href":"https:\/\/api.w.org\/{rel}","templated":true}]}}