{"id":18656,"date":"2023-12-24T08:03:51","date_gmt":"2023-12-24T06:03:51","guid":{"rendered":"https:\/\/digelius.qb.web-veistamo.fi\/product\/eero-koivistoinen-juvenalia-choir-tastako-tastako-works-for-mixed-voices-a-cappella-by-eero-koivistoinen\/"},"modified":"2026-02-07T10:01:27","modified_gmt":"2026-02-07T08:01:27","slug":"eero-koivistoinen-juvenalia-choir-tastako-tastako-works-for-mixed-voices-a-cappella-by-eero-koivistoinen","status":"publish","type":"product","link":"https:\/\/digelius.com\/fi\/product\/eero-koivistoinen-juvenalia-choir-tastako-tastako-works-for-mixed-voices-a-cappella-by-eero-koivistoinen\/","title":{"rendered":"Eero Koivistoinen, Juvenalia Choir: T\u00e4st\u00e4k\u00f6-T\u00e4st\u00e4k\u00f6 &#8211; Works For Mixed Voices A Cappella By Eero Koivistoinen"},"content":{"rendered":"<p>New copy. Pickup possible at our Helsinki store (by selecting the &quot;local pickup&quot; option). <\/p>\n<p>Total timing 55:25<\/p>\n","protected":false},"excerpt":{"rendered":"<p>Media Condition: Mint (M)<\/p>\n<p>Sleeve Condition: Mint (M)<\/p>\n<p>Label: Fuga (2)<\/p>\n<p>Released: 2014<\/p>\n","protected":false},"featured_media":3159542,"template":"","meta":{"_acf_changed":false},"product_brand":[],"product_cat":[31],"product_tag":[],"class_list":{"0":"post-18656","1":"product","2":"type-product","3":"status-publish","4":"has-post-thumbnail","6":"product_cat-folk-world-country","8":"first","9":"instock","10":"taxable","11":"shipping-taxable","12":"purchasable","13":"product-type-simple"},"acf":[],"mb":[],"mfb_rest_fields":["title"],"_links":{"self":[{"href":"https:\/\/digelius.com\/fi\/wp-json\/wp\/v2\/product\/18656","targetHints":{"allow":["GET"]}}],"collection":[{"href":"https:\/\/digelius.com\/fi\/wp-json\/wp\/v2\/product"}],"about":[{"href":"https:\/\/digelius.com\/fi\/wp-json\/wp\/v2\/types\/product"}],"wp:featuredmedia":[{"embeddable":true,"href":"https:\/\/digelius.com\/fi\/wp-json\/wp\/v2\/media\/3159542"}],"wp:attachment":[{"href":"https:\/\/digelius.com\/fi\/wp-json\/wp\/v2\/media?parent=18656"}],"wp:term":[{"taxonomy":"product_brand","embeddable":true,"href":"https:\/\/digelius.com\/fi\/wp-json\/wp\/v2\/product_brand?post=18656"},{"taxonomy":"product_cat","embeddable":true,"href":"https:\/\/digelius.com\/fi\/wp-json\/wp\/v2\/product_cat?post=18656"},{"taxonomy":"product_tag","embeddable":true,"href":"https:\/\/digelius.com\/fi\/wp-json\/wp\/v2\/product_tag?post=18656"}],"curies":[{"name":"wp","href":"https:\/\/api.w.org\/{rel}","templated":true}]}}