{"id":1866794,"date":"2025-02-13T15:36:49","date_gmt":"2025-02-13T13:36:49","guid":{"rendered":"https:\/\/digelius.com\/product\/j-karjalainen-electric-sauna-electric-sauna\/"},"modified":"2026-01-27T08:31:36","modified_gmt":"2026-01-27T06:31:36","slug":"j-karjalainen-electric-sauna-electric-sauna","status":"publish","type":"product","link":"https:\/\/digelius.com\/fi\/product\/j-karjalainen-electric-sauna-electric-sauna\/","title":{"rendered":"J. Karjalainen Electric Sauna: Electric Sauna"},"content":{"rendered":"<\/p>\n<p>\u00c4\u00e4nitetty vuodenvaihteessa 1995-96 Finnvoxissa Helsingiss\u00e4 ja Keltaisessa talossa Kosken asemalla.<br \/>\nMiksattu ja masteroitu Finnvoxissa tammi-helmikuussa 1996.<\/p>\n<p>\u2117 ja \u00a9 Poko Rekords Oy \/ Jukan Productions Oy 1996<\/p>\n<p>Made in Finland by CD-Linja Oy (printed on disc)<\/p>\n","protected":false},"excerpt":{"rendered":"<p>Media Condition: Near Mint (NM or M-)<\/p>\n<p>Sleeve Condition: Near Mint (NM or M-)<\/p>\n<p>Label: Poko Rekords<\/p>\n<p>Released: 1996<\/p>\n","protected":false},"featured_media":3160410,"template":"","meta":{"_acf_changed":false},"product_brand":[],"product_cat":[27],"product_tag":[],"class_list":{"0":"post-1866794","1":"product","2":"type-product","3":"status-publish","4":"has-post-thumbnail","6":"product_cat-rock","8":"first","9":"instock","10":"taxable","11":"shipping-taxable","12":"purchasable","13":"product-type-simple"},"acf":[],"mb":[],"mfb_rest_fields":["title"],"_links":{"self":[{"href":"https:\/\/digelius.com\/fi\/wp-json\/wp\/v2\/product\/1866794","targetHints":{"allow":["GET"]}}],"collection":[{"href":"https:\/\/digelius.com\/fi\/wp-json\/wp\/v2\/product"}],"about":[{"href":"https:\/\/digelius.com\/fi\/wp-json\/wp\/v2\/types\/product"}],"wp:featuredmedia":[{"embeddable":true,"href":"https:\/\/digelius.com\/fi\/wp-json\/wp\/v2\/media\/3160410"}],"wp:attachment":[{"href":"https:\/\/digelius.com\/fi\/wp-json\/wp\/v2\/media?parent=1866794"}],"wp:term":[{"taxonomy":"product_brand","embeddable":true,"href":"https:\/\/digelius.com\/fi\/wp-json\/wp\/v2\/product_brand?post=1866794"},{"taxonomy":"product_cat","embeddable":true,"href":"https:\/\/digelius.com\/fi\/wp-json\/wp\/v2\/product_cat?post=1866794"},{"taxonomy":"product_tag","embeddable":true,"href":"https:\/\/digelius.com\/fi\/wp-json\/wp\/v2\/product_tag?post=1866794"}],"curies":[{"name":"wp","href":"https:\/\/api.w.org\/{rel}","templated":true}]}}