{"id":1867267,"date":"2025-02-13T16:56:57","date_gmt":"2025-02-13T14:56:57","guid":{"rendered":"https:\/\/digelius.com\/product\/agents-jorma-kaariainen-agents-jorma-kaariainen-is-all-right\/"},"modified":"2026-01-27T11:03:54","modified_gmt":"2026-01-27T09:03:54","slug":"agents-jorma-kaariainen-agents-jorma-kaariainen-is-all-right","status":"publish","type":"product","link":"https:\/\/digelius.com\/fi\/product\/agents-jorma-kaariainen-agents-jorma-kaariainen-is-all-right\/","title":{"rendered":"Agents &amp; Jorma K\u00e4\u00e4ri\u00e4inen: Agents &amp; Jorma K\u00e4\u00e4ri\u00e4inen&#8230; Is All Right"},"content":{"rendered":"<\/p>\n<p>Track 1: original title &#8221;Il Giocattolo&#8221;.<br \/>\nTrack 4: original title &#8221;Summer Is Over&#8221;.<br \/>\nTrack 5: original title &#8221;Padmoskovnye Vechera&#8221;.<\/p>\n<p>\u00a9 &amp; \u2117 2006 Oy EMI Finland Ab.<br \/>\nMarketed and distributed by EMI.<br \/>\nMade and printed in EU.<\/p>\n","protected":false},"excerpt":{"rendered":"<p>Media Condition: Near Mint (NM or M-)<\/p>\n<p>Sleeve Condition: Near Mint (NM or M-)<\/p>\n<p>Label: Parlophone<\/p>\n<p>Released: 2006<\/p>\n","protected":false},"featured_media":3158955,"template":"","meta":{"_acf_changed":false},"product_brand":[],"product_cat":[27],"product_tag":[],"class_list":{"0":"post-1867267","1":"product","2":"type-product","3":"status-publish","4":"has-post-thumbnail","6":"product_cat-rock","8":"first","9":"instock","10":"taxable","11":"shipping-taxable","12":"purchasable","13":"product-type-simple"},"acf":[],"mb":[],"mfb_rest_fields":["title"],"_links":{"self":[{"href":"https:\/\/digelius.com\/fi\/wp-json\/wp\/v2\/product\/1867267","targetHints":{"allow":["GET"]}}],"collection":[{"href":"https:\/\/digelius.com\/fi\/wp-json\/wp\/v2\/product"}],"about":[{"href":"https:\/\/digelius.com\/fi\/wp-json\/wp\/v2\/types\/product"}],"wp:featuredmedia":[{"embeddable":true,"href":"https:\/\/digelius.com\/fi\/wp-json\/wp\/v2\/media\/3158955"}],"wp:attachment":[{"href":"https:\/\/digelius.com\/fi\/wp-json\/wp\/v2\/media?parent=1867267"}],"wp:term":[{"taxonomy":"product_brand","embeddable":true,"href":"https:\/\/digelius.com\/fi\/wp-json\/wp\/v2\/product_brand?post=1867267"},{"taxonomy":"product_cat","embeddable":true,"href":"https:\/\/digelius.com\/fi\/wp-json\/wp\/v2\/product_cat?post=1867267"},{"taxonomy":"product_tag","embeddable":true,"href":"https:\/\/digelius.com\/fi\/wp-json\/wp\/v2\/product_tag?post=1867267"}],"curies":[{"name":"wp","href":"https:\/\/api.w.org\/{rel}","templated":true}]}}