{"id":18783,"date":"2023-12-24T09:18:35","date_gmt":"2023-12-24T07:18:35","guid":{"rendered":"https:\/\/digelius.qb.web-veistamo.fi\/product\/st-jak-oeuvralgique\/"},"modified":"2026-02-07T14:01:05","modified_gmt":"2026-02-07T12:01:05","slug":"st-jak-oeuvralgique","status":"publish","type":"product","link":"https:\/\/digelius.com\/fi\/product\/st-jak-oeuvralgique\/","title":{"rendered":"St-Jak*: Oeuvralgique"},"content":{"rendered":"<p>EX\/EX in shrink. Pickup possible at our Helsinki store (by selecting the &quot;local pickup&quot; option). <\/p>\n<p>Piano Solo<\/p>\n<p>Printed innersleeve with credits and texts by Francine Tougas, Joane H\u00e9tu, Pierre Cr\u00e9p\u00f4, Alain-Arthur Painchaud, Pierre St-Jacques, Lou-Lou B\u00e9langer, Benoit Fauteux and Robert Leriche.<\/p>\n","protected":false},"excerpt":{"rendered":"<p>Media Condition: Very Good Plus (VG+)<\/p>\n<p>Sleeve Condition: Very Good Plus (VG+)<\/p>\n<p>Label: Not On Label (Pierre Saint-Jacques Self-released)<\/p>\n<p>Released: 1984<\/p>\n","protected":false},"featured_media":3159514,"template":"","meta":{"_acf_changed":false},"product_brand":[],"product_cat":[23,16],"product_tag":[],"class_list":{"0":"post-18783","1":"product","2":"type-product","3":"status-publish","4":"has-post-thumbnail","6":"product_cat-classical","7":"product_cat-jazz","9":"first","10":"instock","11":"taxable","12":"shipping-taxable","13":"purchasable","14":"product-type-simple"},"acf":[],"mb":[],"mfb_rest_fields":["title"],"_links":{"self":[{"href":"https:\/\/digelius.com\/fi\/wp-json\/wp\/v2\/product\/18783","targetHints":{"allow":["GET"]}}],"collection":[{"href":"https:\/\/digelius.com\/fi\/wp-json\/wp\/v2\/product"}],"about":[{"href":"https:\/\/digelius.com\/fi\/wp-json\/wp\/v2\/types\/product"}],"wp:featuredmedia":[{"embeddable":true,"href":"https:\/\/digelius.com\/fi\/wp-json\/wp\/v2\/media\/3159514"}],"wp:attachment":[{"href":"https:\/\/digelius.com\/fi\/wp-json\/wp\/v2\/media?parent=18783"}],"wp:term":[{"taxonomy":"product_brand","embeddable":true,"href":"https:\/\/digelius.com\/fi\/wp-json\/wp\/v2\/product_brand?post=18783"},{"taxonomy":"product_cat","embeddable":true,"href":"https:\/\/digelius.com\/fi\/wp-json\/wp\/v2\/product_cat?post=18783"},{"taxonomy":"product_tag","embeddable":true,"href":"https:\/\/digelius.com\/fi\/wp-json\/wp\/v2\/product_tag?post=18783"}],"curies":[{"name":"wp","href":"https:\/\/api.w.org\/{rel}","templated":true}]}}