{"id":18903,"date":"2023-12-24T10:43:01","date_gmt":"2023-12-24T08:43:01","guid":{"rendered":"https:\/\/digelius.qb.web-veistamo.fi\/product\/salon-cimrman-jazzman-cimrman\/"},"modified":"2026-02-07T18:31:46","modified_gmt":"2026-02-07T16:31:46","slug":"salon-cimrman-jazzman-cimrman","status":"publish","type":"product","link":"https:\/\/digelius.com\/fi\/product\/salon-cimrman-jazzman-cimrman\/","title":{"rendered":"Sal\u00f3n Cimrman: Jazzman Cimrman"},"content":{"rendered":"<p>EX record. Pickup possible at our Helsinki store (by selecting the &quot;local pickup&quot; option). <\/p>\n<p>Sal\u00f3n Cimrman JdaC Praha [logo]<\/p>\n<p>Rozhovor a p\u00edsn\u011b [interview and songs A1]<br \/>\nP\u0159edn\u00e1\u0161ka [lecture A2, A3, B1, B4]<br \/>\nP\u00edse\u0148 [song A4, A5, B2, B5, B7]<br \/>\nMelodram [B3]<br \/>\nRozhovor [interview B6]<\/p>\n<p>Sleeve-note \u00a9 1985<br \/>\nCover \u00a9 1985<br \/>\nNahr\u00e1no 28. 4. 1985 v Malostransk\u00e9 besed\u011b v Praze<br \/>\nMade in Czechoslovakia<br \/>\n\u2117 1985<\/p>\n<p>\u2014\u2014\u2014<br \/>\nRecorded 28 April 1985 at the Malostransk\u00e1 Beseda club in Prague. <\/p>\n<p>Track artists uncredited.<br \/>\nTrack A2 listed as \u201cCimrman jazzman\u201d on back cover and as \u201cPanychida za otru\u0161\u00edk (rozbor skladby)\u201d on center label.<\/p>\n","protected":false},"excerpt":{"rendered":"<p>Media Condition: Very Good Plus (VG+)<\/p>\n<p>Sleeve Condition: Very Good Plus (VG+)<\/p>\n<p>Label: Panton<\/p>\n<p>Released: 1986<\/p>\n","protected":false},"featured_media":3159488,"template":"","meta":{"_acf_changed":false},"product_brand":[],"product_cat":[441,16,96],"product_tag":[],"class_list":{"0":"post-18903","1":"product","2":"type-product","3":"status-publish","4":"has-post-thumbnail","6":"product_cat-non-music","7":"product_cat-jazz","8":"product_cat-jazz-fi","10":"first","11":"instock","12":"taxable","13":"shipping-taxable","14":"purchasable","15":"product-type-simple"},"acf":[],"mb":[],"mfb_rest_fields":["title"],"_links":{"self":[{"href":"https:\/\/digelius.com\/fi\/wp-json\/wp\/v2\/product\/18903","targetHints":{"allow":["GET"]}}],"collection":[{"href":"https:\/\/digelius.com\/fi\/wp-json\/wp\/v2\/product"}],"about":[{"href":"https:\/\/digelius.com\/fi\/wp-json\/wp\/v2\/types\/product"}],"wp:featuredmedia":[{"embeddable":true,"href":"https:\/\/digelius.com\/fi\/wp-json\/wp\/v2\/media\/3159488"}],"wp:attachment":[{"href":"https:\/\/digelius.com\/fi\/wp-json\/wp\/v2\/media?parent=18903"}],"wp:term":[{"taxonomy":"product_brand","embeddable":true,"href":"https:\/\/digelius.com\/fi\/wp-json\/wp\/v2\/product_brand?post=18903"},{"taxonomy":"product_cat","embeddable":true,"href":"https:\/\/digelius.com\/fi\/wp-json\/wp\/v2\/product_cat?post=18903"},{"taxonomy":"product_tag","embeddable":true,"href":"https:\/\/digelius.com\/fi\/wp-json\/wp\/v2\/product_tag?post=18903"}],"curies":[{"name":"wp","href":"https:\/\/api.w.org\/{rel}","templated":true}]}}