{"id":1902992,"date":"2025-02-18T18:16:47","date_gmt":"2025-02-18T16:16:47","guid":{"rendered":"https:\/\/digelius.com\/product\/sami-pitkamo-umo-jazz-orchestra-lauluja-rakkaudesta-ja-vahan-muustakin\/"},"modified":"2026-01-28T00:30:54","modified_gmt":"2026-01-27T22:30:54","slug":"sami-pitkamo-umo-jazz-orchestra-lauluja-rakkaudesta-ja-vahan-muustakin","status":"publish","type":"product","link":"https:\/\/digelius.com\/fi\/product\/sami-pitkamo-umo-jazz-orchestra-lauluja-rakkaudesta-ja-vahan-muustakin\/","title":{"rendered":"Sami Pitk\u00e4m\u00f6, Umo Jazz Orchestra: Lauluja Rakkaudesta Ja V\u00e4h\u00e4n Muustakin"},"content":{"rendered":"<\/p>\n<p>Digipak: 4 Panel with Tube Pocket<\/p>\n<p>\u00a9 &amp; \u2117 2008 Edel Records Finland Oy<\/p>\n<p>Made in Germany by Optimal.<\/p>\n","protected":false},"excerpt":{"rendered":"<p>Media Condition: Near Mint (NM or M-)<\/p>\n<p>Sleeve Condition: Very Good Plus (VG+)<\/p>\n<p>Label: Edel<\/p>\n<p>Released: 2008<\/p>\n","protected":false},"featured_media":3158873,"template":"","meta":{"_acf_changed":false},"product_brand":[],"product_cat":[17],"product_tag":[],"class_list":{"0":"post-1902992","1":"product","2":"type-product","3":"status-publish","4":"has-post-thumbnail","6":"product_cat-blues","8":"first","9":"instock","10":"taxable","11":"shipping-taxable","12":"purchasable","13":"product-type-simple"},"acf":[],"mb":[],"mfb_rest_fields":["title"],"_links":{"self":[{"href":"https:\/\/digelius.com\/fi\/wp-json\/wp\/v2\/product\/1902992","targetHints":{"allow":["GET"]}}],"collection":[{"href":"https:\/\/digelius.com\/fi\/wp-json\/wp\/v2\/product"}],"about":[{"href":"https:\/\/digelius.com\/fi\/wp-json\/wp\/v2\/types\/product"}],"wp:featuredmedia":[{"embeddable":true,"href":"https:\/\/digelius.com\/fi\/wp-json\/wp\/v2\/media\/3158873"}],"wp:attachment":[{"href":"https:\/\/digelius.com\/fi\/wp-json\/wp\/v2\/media?parent=1902992"}],"wp:term":[{"taxonomy":"product_brand","embeddable":true,"href":"https:\/\/digelius.com\/fi\/wp-json\/wp\/v2\/product_brand?post=1902992"},{"taxonomy":"product_cat","embeddable":true,"href":"https:\/\/digelius.com\/fi\/wp-json\/wp\/v2\/product_cat?post=1902992"},{"taxonomy":"product_tag","embeddable":true,"href":"https:\/\/digelius.com\/fi\/wp-json\/wp\/v2\/product_tag?post=1902992"}],"curies":[{"name":"wp","href":"https:\/\/api.w.org\/{rel}","templated":true}]}}