{"id":1903177,"date":"2025-02-18T18:51:38","date_gmt":"2025-02-18T16:51:38","guid":{"rendered":"https:\/\/digelius.com\/product\/laila-kinnunen-a-la-laila\/"},"modified":"2026-01-27T23:02:10","modified_gmt":"2026-01-27T21:02:10","slug":"laila-kinnunen-a-la-laila","status":"publish","type":"product","link":"https:\/\/digelius.com\/fi\/product\/laila-kinnunen-a-la-laila\/","title":{"rendered":"Laila Kinnunen: A La Laila"},"content":{"rendered":"<\/p>\n<p>\u00c4\u00e4nitteiden digitointi analogisilta nauhoilta ja vinyylisingleilt\u00e4: Diginord Oy<br \/>\n\u00c4\u00e4nitteiden restaurointi ja cd-masterointi: Finnvox-studiot<br \/>\nVastaava tuottaja: Timo Lindstr\u00f6m \/ Warner Music Finland Oy<\/p>\n<p>CD 1<br \/>\n1. -Lazzarella- Scandinavian Songs Ab \u2117 1957 Scandia<br \/>\n2. -Chella Lla- Warner\/Chappell Music Finland \u2117 1957 Scandia<br \/>\n3. -Everybody Loves A Lover- Sony\/ATV Music Publ. Scand. \u2117 1959 Scandia<br \/>\n4. -Fever- Warner\/Chappell Music Scand. \u2117 1959 Scandia<br \/>\n5. -I Could Have Danced All Night- Warner\/Chappell Music Scand. \u2117 1959 Scandia<br \/>\n6. -The Midnight Sun Never Sets- Cherry Lane Scand. \u2117 1959 Scandia<br \/>\n7. -Petite Fleur- Warner\/Chappell Music Scand. \u2117 1959 Scandia<br \/>\n8. -La Donna Riccia- Scandinavian Songs Ab \u2117 1959 Scandia<br \/>\n9. -Marina- Granta-Music-Editions \u2117 1959 Scandia<br \/>\n10. -Carina- Universal\/Mgb Scand. \u2117 1960 Scandia<br \/>\n11. -Alla Andra F\u00e5r Varann- Warner\/Chappell Music Finland \u2117 1960 Scandia<br \/>\n12. -Itsy Bitsy Teenie Weenie Yellow Polka Dot Bikini- Edition Wilhelm Hansen \u2117 1960 Scandia<br \/>\n13. Warner\/Chappell Music Finland \u2117 1961 Scandia<br \/>\n14. -Al Di La- Universal\/MGB Scand. \u2117 1961 Scandia<br \/>\n15. Warner\/Chappell Music Finland \u2117 1961 Scandia<br \/>\n16. -You Must Have Been A Beautiful Baby- Warner\/Chappell Music Finland \u2117 1961 Scandia<br \/>\n17. -Dance On Little Girl- Air Chrysalis \u2117 1961 Scandia<br \/>\n18. Warner\/Chappell Music Finland \u2117 1962 Scandia<br \/>\n19. -Saturday- EMI Music Publ. Scand. \u2117 1962 Scandia<br \/>\n20. -Bei Mir Bist Du Sch\u00f6n- Edition Wilhelm Hansen\/Warner\/Chappell Music Finland \u2117 1962 Scandia<\/p>\n<p>CD 2<br \/>\n1. -Na Sopkah Mantshzurii- Warner\/Chappell Music Finland \u2117 1962 Scandia<br \/>\n2. -Daroghi- Warner\/Chappell Music Finland \u2117 1962 Scandia<br \/>\n3. -Eh, Andrjusha- Warner\/Chappell Music Finland \u2117 1962 Scandia<br \/>\n4. -Desafinado- Misty Music Ab \u2117 1962 Scandia<br \/>\n5. -Recado- Misty Music Ab \u2117 1962 Scandia<br \/>\n6. -Dansevise- M\u00f8rks Musikf\u00f6rlag \u2117 1963 Scandia<br \/>\n7. -Danke Sch\u00f6n- EMI Music Publ. Scand.\/Warner\/Chappell Music Scand. \u2117 1963 Scandia<br \/>\n8. Warner\/Chappell Music Finland \u2117 1963 Scandia<br \/>\n9. -Bad To Me- ATV Music \u2117 1964 Scandia<br \/>\n10. -From Russia With Love- Warner\/Chappell Music Finland \u2117 1964 Scandia<br \/>\n11. Warner\/Chappell Music Finland \u2117 1964 Scandia<br \/>\n12. -Garota De Ipanema- Universal Music Publ.\/Warner\/Chappell Music Scand.\/Air Chrysalis Scand. \u2117 1964 Scandia<br \/>\n13. Warner\/Chappell Music Finland \u2117 1965 Scandia<br \/>\n14. Warner\/Chappell Music Finland \u2117 1965 Scandia<br \/>\n15. -Du- Universal Music Publ. Scand. \u2117 1965 Scandia<br \/>\n16. Warner\/Chappell Music Finland \u2117 1965 Scandia<br \/>\n17. Warner\/Chappell Music Finland \u2117 1965 Scandia<br \/>\n18. Warner\/Chappell Music Finland \u2117 1966 Scandia<br \/>\n19. -I Can&#8217;t Stop Loving You- Sony\/ATV Music Publ. Scand. \u2117 1967 Benita Records<br \/>\n20. Warner\/Chappel Music Finland \u2117 1968 Benita Records<\/p>\n<p>\u2117 &amp; \u00a9 2009 Warner Music Finland, A Warner Music Group Company.<\/p>\n","protected":false},"excerpt":{"rendered":"<p>Media Condition: Near Mint (NM or M-)<\/p>\n<p>Sleeve Condition: Near Mint (NM or M-)<\/p>\n<p>Label: WEA<\/p>\n<p>Released: 2009<\/p>\n","protected":false},"featured_media":3158853,"template":"","meta":{"_acf_changed":false},"product_brand":[],"product_cat":[28],"product_tag":[],"class_list":{"0":"post-1903177","1":"product","2":"type-product","3":"status-publish","4":"has-post-thumbnail","6":"product_cat-pop","8":"first","9":"instock","10":"taxable","11":"shipping-taxable","12":"purchasable","13":"product-type-simple"},"acf":[],"mb":[],"mfb_rest_fields":["title"],"_links":{"self":[{"href":"https:\/\/digelius.com\/fi\/wp-json\/wp\/v2\/product\/1903177","targetHints":{"allow":["GET"]}}],"collection":[{"href":"https:\/\/digelius.com\/fi\/wp-json\/wp\/v2\/product"}],"about":[{"href":"https:\/\/digelius.com\/fi\/wp-json\/wp\/v2\/types\/product"}],"wp:featuredmedia":[{"embeddable":true,"href":"https:\/\/digelius.com\/fi\/wp-json\/wp\/v2\/media\/3158853"}],"wp:attachment":[{"href":"https:\/\/digelius.com\/fi\/wp-json\/wp\/v2\/media?parent=1903177"}],"wp:term":[{"taxonomy":"product_brand","embeddable":true,"href":"https:\/\/digelius.com\/fi\/wp-json\/wp\/v2\/product_brand?post=1903177"},{"taxonomy":"product_cat","embeddable":true,"href":"https:\/\/digelius.com\/fi\/wp-json\/wp\/v2\/product_cat?post=1903177"},{"taxonomy":"product_tag","embeddable":true,"href":"https:\/\/digelius.com\/fi\/wp-json\/wp\/v2\/product_tag?post=1903177"}],"curies":[{"name":"wp","href":"https:\/\/api.w.org\/{rel}","templated":true}]}}