{"id":1903344,"date":"2025-02-18T19:21:42","date_gmt":"2025-02-18T17:21:42","guid":{"rendered":"https:\/\/digelius.com\/product\/olavi-virta-kootut-levyt-osa-26-1958\/"},"modified":"2026-01-27T22:31:04","modified_gmt":"2026-01-27T20:31:04","slug":"olavi-virta-kootut-levyt-osa-26-1958","status":"publish","type":"product","link":"https:\/\/digelius.com\/fi\/product\/olavi-virta-kootut-levyt-osa-26-1958\/","title":{"rendered":"Olavi Virta: Kootut Levyt Osa-26 \u2013 1958"},"content":{"rendered":"<\/p>\n<p>Made in Germany by Warner Music Manufacturing Europe<br \/>\np 1958 Levytukku 1-17<br \/>\np 1958 Fazer 18-19<br \/>\n1993 Fazer Finnlevy<\/p>\n<p>Kaikki t\u00e4m\u00e4n levyn kappaleet on k\u00e4sitelty No Noise\u00ae-h\u00e4iri\u00f6npoisto j\u00e4rjestelm\u00e4ll\u00e4.<br \/>\nT\u00e4t\u00e4 levy on tukenut ESEK<\/p>\n","protected":false},"excerpt":{"rendered":"<p>Media Condition: Near Mint (NM or M-)<\/p>\n<p>Sleeve Condition: Near Mint (NM or M-)<\/p>\n<p>Label: Helmi<\/p>\n<p>Released: 1993<\/p>\n","protected":false},"featured_media":3158821,"template":"","meta":{"_acf_changed":false},"product_brand":[],"product_cat":[135,28],"product_tag":[],"class_list":{"0":"post-1903344","1":"product","2":"type-product","3":"status-publish","4":"has-post-thumbnail","6":"product_cat-latin","7":"product_cat-pop","9":"first","10":"instock","11":"taxable","12":"shipping-taxable","13":"purchasable","14":"product-type-simple"},"acf":[],"mb":[],"mfb_rest_fields":["title"],"_links":{"self":[{"href":"https:\/\/digelius.com\/fi\/wp-json\/wp\/v2\/product\/1903344","targetHints":{"allow":["GET"]}}],"collection":[{"href":"https:\/\/digelius.com\/fi\/wp-json\/wp\/v2\/product"}],"about":[{"href":"https:\/\/digelius.com\/fi\/wp-json\/wp\/v2\/types\/product"}],"wp:featuredmedia":[{"embeddable":true,"href":"https:\/\/digelius.com\/fi\/wp-json\/wp\/v2\/media\/3158821"}],"wp:attachment":[{"href":"https:\/\/digelius.com\/fi\/wp-json\/wp\/v2\/media?parent=1903344"}],"wp:term":[{"taxonomy":"product_brand","embeddable":true,"href":"https:\/\/digelius.com\/fi\/wp-json\/wp\/v2\/product_brand?post=1903344"},{"taxonomy":"product_cat","embeddable":true,"href":"https:\/\/digelius.com\/fi\/wp-json\/wp\/v2\/product_cat?post=1903344"},{"taxonomy":"product_tag","embeddable":true,"href":"https:\/\/digelius.com\/fi\/wp-json\/wp\/v2\/product_tag?post=1903344"}],"curies":[{"name":"wp","href":"https:\/\/api.w.org\/{rel}","templated":true}]}}